{"id":2374,"date":"2015-11-26T17:18:04","date_gmt":"2015-11-26T15:18:04","guid":{"rendered":"https:\/\/www.katsankimya.com.tr\/?page_id=2374"},"modified":"2015-11-26T17:18:04","modified_gmt":"2015-11-26T15:18:04","slug":"bize-ulasiniz","status":"publish","type":"page","link":"https:\/\/www.katsankimya.com.tr\/ru\/bize-ulasiniz\/","title":{"rendered":"\u0421\u0432\u044f\u0436\u0438\u0442\u0435\u0441\u044c \u0441 \u043d\u0430\u043c\u0438"},"content":{"rendered":"<p><iframe loading=\"lazy\" style=\"border: 0;\" src=\"https:\/\/www.google.com\/maps\/embed?pb=!1m14!1m8!1m3!1d12066.875875350623!2d29.3912461!3d40.8780412!3m2!1i1024!2i768!4f13.1!3m3!1m2!1s0x0%3A0xcf9e5c5b1321f8da!2sKatsan+Kimya+San.+Tic+A.+%C5%9E.!5e0!3m2!1str!2str!4v1528812687326\" width=\"600\" height=\"450\" frameborder=\"0\" allowfullscreen=\"allowfullscreen\"><\/iframe><\/p>\n<p><strong style=\"padding: 0px; margin: 0px; -webkit-tap-highlight-color: rgba(0, 0, 0, 0); font-family: 'Open Sans', 'Trebuchet MS', Helvetica, Arial, sans-serif; border: 0px; outline: 0px; font-weight: bold; font-style: normal; font-size: 13px; text-align: left; vertical-align: baseline; list-style-type: none; color: #555555; font-variant: normal; letter-spacing: normal; line-height: 22px; orphans: auto; text-indent: 0px; text-transform: none; white-space: normal; widows: 1; word-spacing: 0px; -webkit-text-stroke-width: 0px; background-color: #f1f1f1;\"><br \/>\nKATSAN K\u0130MYA SAN. T\u0130C.A.\u015e.<\/strong><\/p>\n<p><img decoding=\"async\" src=\"https:\/\/sanatgah.com\/wp-content\/uploads\/2012\/06\/flag-2.png\" alt=\"\" \/><br \/>\nBirlik Organize Sanayi B\u00f6lgesi<br \/>\nBat\u0131 Caddesi No:2 Tuzla\u00a0 \u0130stanbul \u2013 T\u00fcrkiye<\/p>\n<p>\u0422\u0435\u043b\u0435\u0444\u043e\u043d: +90 216 641 8905<br \/>\n+90 216 641 8906<br \/>\n\u0424\u0430\u043a\u0441 : +90 216 641 8922<br \/>\n\u042d\u043b. \u0430\u0434\u0440\u0435\u0441: <a href=\"mailto:katsan@katsankimya.com.tr\">katsan@katsankimya.com.tr<\/a><\/p>\n<p>&nbsp;<\/p>\n<p>&nbsp;<\/p>\n<p>&nbsp;<\/p>\n","protected":false},"excerpt":{"rendered":"<p>KATSAN K\u0130MYA SAN. T\u0130C.A.\u015e. Birlik Organize Sanayi B\u00f6lgesi Bat\u0131 Caddesi No:2 Tuzla\u00a0 \u0130stanbul \u2013 T\u00fcrkiye \u0422\u0435\u043b\u0435\u0444\u043e\u043d: +90 216 641 8905 +90 216 641 8906 \u0424\u0430\u043a\u0441 : +90 216 641 8922 \u042d\u043b. \u0430\u0434\u0440\u0435\u0441: katsan@katsankimya.com.tr &nbsp; &nbsp; &nbsp;<\/p>\n","protected":false},"author":1,"featured_media":0,"parent":0,"menu_order":0,"comment_status":"closed","ping_status":"closed","template":"","meta":{"footnotes":""},"_links":{"self":[{"href":"https:\/\/www.katsankimya.com.tr\/ru\/wp-json\/wp\/v2\/pages\/2374"}],"collection":[{"href":"https:\/\/www.katsankimya.com.tr\/ru\/wp-json\/wp\/v2\/pages"}],"about":[{"href":"https:\/\/www.katsankimya.com.tr\/ru\/wp-json\/wp\/v2\/types\/page"}],"author":[{"embeddable":true,"href":"https:\/\/www.katsankimya.com.tr\/ru\/wp-json\/wp\/v2\/users\/1"}],"replies":[{"embeddable":true,"href":"https:\/\/www.katsankimya.com.tr\/ru\/wp-json\/wp\/v2\/comments?post=2374"}],"version-history":[{"count":0,"href":"https:\/\/www.katsankimya.com.tr\/ru\/wp-json\/wp\/v2\/pages\/2374\/revisions"}],"wp:attachment":[{"href":"https:\/\/www.katsankimya.com.tr\/ru\/wp-json\/wp\/v2\/media?parent=2374"}],"curies":[{"name":"wp","href":"https:\/\/api.w.org\/{rel}","templated":true}]}}