{"id":143,"date":"2016-06-20T07:48:11","date_gmt":"2016-06-20T07:48:11","guid":{"rendered":"http:\/\/sw-themes.com\/porto_dummy\/?page_id=143"},"modified":"2016-06-20T07:48:11","modified_gmt":"2016-06-20T07:48:11","slug":"home","status":"publish","type":"page","link":"https:\/\/www.katsankimya.com.tr\/ru\/home\/","title":{"rendered":"Katsan Kimya Ana Sayfa"},"content":{"rendered":"<p>[vc_row full_width=&#187;stretch_row&#187; wrap_container=&#187;yes&#187; el_class=&#187;home-intro&#187;][vc_column width=&#187;2\/3&#8243;][vc_column_text el_class=&#187;m-b-none&#187;]<strong><em>G\u00fcven ve Kaliteye \u0130mza Atan Marka<\/em><\/strong>[\/vc_column_text][\/vc_column][vc_column width=&#187;1\/3&#8243; el_class=&#187;get-started&#187;][vc_btn title=&#187;Bize Ula\u015f\u0131n&#187; size=&#187;lg&#187; skin=&#187;primary&#187; link=&#187;url:https%3A%2F%2Fkatsankimya.com%2Ftr%2Fbize-ulasiniz%2F|||&#187; el_class=&#187;m-b-none&#187;][vc_column_text el_class=&#187;m-b-none learn-more&#187;]>>>>[\/vc_column_text][\/vc_column][\/vc_row][vc_row wrap_container=&#187;yes&#187; el_class=&#187;p-t-xxl p-b-lg&#187;][vc_column width=&#187;1\/3&#8243;][vc_custom_heading text=&#187;<strong>Biz<\/strong> Kimiz&#187; use_theme_fonts=&#187;yes&#187;][vc_column_text]Katsan Kimya San. ve Tic. A.\u015e.<br \/>\nYap\u0131 kimyasallar\u0131 alan\u0131nda 1992 y\u0131l\u0131ndan bu yana \u00fcretim ve pazarlama faaliyetlerinde bulunan bir T\u00fcrk \u015firketidir.<\/p>\n<p>\u00dcretim alan\u0131na giren yap\u0131 kimyasallar\u0131 konusunda g\u00fcn\u00fcm\u00fcz\u00fcn en son teknolojik gereklerine uygun olarak kurulmu\u015f laboratuvarlar\u0131nda m\u00fc\u015fterilerinin de\u011fi\u015fken taleplerini kar\u015f\u0131lamak amac\u0131yla her g\u00fcn daha yo\u011fun olarak ara\u015ft\u0131rma ve geli\u015ftirme \u00e7al\u0131\u015fmalar\u0131n\u0131 s\u00fcrd\u00fcrmektedir.[\/vc_column_text][vc_single_image image=&#187;3142&#8243; img_size=&#187;350&#8243;][\/vc_column][vc_column width=&#187;1\/3&#8243;][vc_custom_heading text=&#187;<strong>Ne<\/strong> Yapar\u0131z&#187; use_theme_fonts=&#187;yes&#187;][vc_column_text]Uluslararas\u0131 Standartlara uygunlu\u011fu belgelenmi\u015f\u00a0<strong>KATPLAST<\/strong>\u00a0ticari markas\u0131 \u00fcr\u00fcnleri ile T\u00fcrk yap\u0131 sekt\u00f6r\u00fcne hizmet etmenin yan\u0131 s\u0131ra, uluslararas\u0131 pazarlarda da yer almay\u0131 hedef olarak benimsemi\u015f olan\u00a0<strong>Katsan Kimya<\/strong>\u00a02000 y\u0131l\u0131ndan itibaren de bu hedefine uygun olarak faaliyetlerine h\u0131z vermi\u015ftir.<\/p>\n<p>Yap\u0131 sekt\u00f6r\u00fcn\u00fcn temel ta\u015flar\u0131ndan \u00e7imento ve beton end\u00fcstrisine y\u00f6nelik \u00fcr\u00fcnlerinin haricinde, \u00f6zellikle yap\u0131larda enerji tasarrufunun ve \u00e7evre korumac\u0131 etkinliklerin \u00f6nem kazand\u0131\u011f\u0131 g\u00fcn\u00fcm\u00fcz\u00fcn ihtiya\u00e7lar\u0131na y\u00f6nelik iki bile\u015fenli poli\u00fcretan, polis\u00fclfid, cephe yap\u0131\u015ft\u0131rma ve dolgu ama\u00e7l\u0131 silikon esasl\u0131 macunlar, butil, hotmelt ve nem al\u0131c\u0131 gibi y\u00fcksek kaliteli \u00fcr\u00fcnler ile de hem yal\u0131t\u0131ml\u0131 cam hem de silikon cephe \u00fcreticilerine hizmet etmektedir.<\/p>\n<p><strong>Katsan Kimya<\/strong>, \u00fcretmekte oldu\u011fu uluslararas\u0131 kalite normlar\u0131na uygun \u00fcr\u00fcnlerini pazarlarken deneyimli teknik kadrosu ile toplam servis ve sat\u0131\u015f sonras\u0131 eksiksiz destek gereklili\u011fini hi\u00e7bir zaman g\u00f6z ard\u0131 etmemektedir.<\/p>\n<p>Bu ama\u00e7la kalite hedeflerini belirlemi\u015f olup, bu do\u011frultuda \u00fcr\u00fcn ve hizmet \u00fcretilmesine azami \u00f6zen g\u00f6stermektedir.[\/vc_column_text][\/vc_column][vc_column width=&#187;1\/3&#8243;][vc_custom_heading text=&#187;<strong>Neden<\/strong> Biz&#187; use_theme_fonts=&#187;yes&#187;][vc_column_text]<strong>Katsan Kimya<\/strong>, \u00fcst d\u00fczey m\u00fc\u015fteri memnuniyetini sa\u011flayacak kalite kriterleri \u00e7er\u00e7evesinde y\u00fcksek kaliteli \u00fcr\u00fcnler \u00fcretmeyi hedeflemi\u015ftir.<\/p>\n<p>Gerek \u00fcretim s\u00fcre\u00e7lerimizde gerekse de \u00fcr\u00fcnlerimizde insan ve \u00e7evre sa\u011fl\u0131\u011f\u0131na duyarl\u0131l\u0131k, en \u00f6nem verdi\u011fimiz konulardan biridir. \u00dcretiminde en yeni teknolojik ekipman ve tekniklerin kullan\u0131ld\u0131\u011f\u0131 Katplast marka \u00fcr\u00fcnlerimizde uygulanan etkin \u00fcretim ve kalite kontrol s\u00fcre\u00e7leri, \u00fcr\u00fcnlerimizin en y\u00fcksek kalitede olmas\u0131na yard\u0131mc\u0131 olmaktad\u0131r.[\/vc_column_text][\/vc_column][\/vc_row][vc_row][vc_column][vc_column_text]<\/p>\n<h2 class=\"cufon\"><span style=\"color: #333333;\">Ofis | Head Office\u00a0<\/span><span style=\"color: #808080;\"><strong>+90 216 641 89 05<\/strong><\/span><\/h2>\n<p>[\/vc_column_text][\/vc_column][\/vc_row][vc_row][vc_column][vc_separator color=&#187;pink&#187; border_width=&#187;4&#8243;][vc_custom_heading text=&#187;K.V.K.K .&#187; font_container=&#187;tag:h5|text_align:center&#187;][vc_column_text]<\/p>\n<p style=\"text-align: center;\">KATSAN K\u0130MYA SAN VE T\u0130C. A.\u015e.<br \/>\nK\u0130\u015e\u0130SEL VER\u0130LER\u0130N KORUNMASI VE \u0130\u015eLENMES\u0130 GER\u00c7EK K\u0130\u015e\u0130- TEDAR\u0130K\u00c7\u0130- \u0130\u015e ORTA\u011eI- GER\u00c7EK K\u0130\u015e\u0130 TEMS\u0130LC\u0130S\u0130-Z\u0130YARET\u00c7\u0130 AYDINLATMA METN\u0130<\/p>\n<p>[\/vc_column_text][vc_btn title=&#187;Metni Okuyunuz&#8230;&#187; style=&#187;classic&#187; color=&#187;mulled-wine&#187; align=&#187;center&#187; link=&#187;url:https%3A%2F%2Fkatsankimya.com%2Fwp-content%2Fuploads%2F2022%2F09%2FAydinlatma_Metni.pdf|||rel:nofollow&#187;][vc_btn title=&#187;KVKK VER\u0130 SAH\u0130B\u0130 BA\u015eVURU FORMU&#187; style=&#187;classic&#187; color=&#187;danger&#187; align=&#187;center&#187; link=&#187;url:https%3A%2F%2Fkatsankimya.com%2Fwp-content%2Fuploads%2F2022%2F09%2FBasvuru_Formu.pdf|||&#187;][vc_separator color=&#187;pink&#187; border_width=&#187;4&#8243;][vc_column_text][\/vc_column_text][\/vc_column][\/vc_row]<\/p>\n","protected":false},"excerpt":{"rendered":"<p>[vc_row full_width=&#187;stretch_row&#187; wrap_container=&#187;yes&#187; el_class=&#187;home-intro&#187;][vc_column width=&#187;2\/3&#8243;][vc_column_text el_class=&#187;m-b-none&#187;]G\u00fcven ve Kaliteye \u0130mza Atan Marka[\/vc_column_text][\/vc_column][vc_column width=&#187;1\/3&#8243; el_class=&#187;get-started&#187;][vc_btn title=&#187;Bize Ula\u015f\u0131n&#187; size=&#187;lg&#187; skin=&#187;primary&#187; link=&#187;url:https%3A%2F%2Fkatsankimya.com%2Ftr%2Fbize-ulasiniz%2F|||&#187; el_class=&#187;m-b-none&#187;][vc_column_text el_class=&#187;m-b-none learn-more&#187;]>>>>[\/vc_column_text][\/vc_column][\/vc_row][vc_row wrap_container=&#187;yes&#187; el_class=&#187;p-t-xxl p-b-lg&#187;][vc_column width=&#187;1\/3&#8243;][vc_custom_heading text=&#187;Biz Kimiz&#187; use_theme_fonts=&#187;yes&#187;][vc_column_text]Katsan Kimya San. ve Tic. A.\u015e. Yap\u0131 kimyasallar\u0131 alan\u0131nda 1992 y\u0131l\u0131ndan bu yana \u00fcretim ve pazarlama faaliyetlerinde bulunan bir T\u00fcrk \u015firketidir. \u00dcretim alan\u0131na giren yap\u0131 kimyasallar\u0131 konusunda g\u00fcn\u00fcm\u00fcz\u00fcn [&hellip;]<\/p>\n","protected":false},"author":1,"featured_media":0,"parent":0,"menu_order":0,"comment_status":"closed","ping_status":"closed","template":"","meta":{"footnotes":""},"_links":{"self":[{"href":"https:\/\/www.katsankimya.com.tr\/ru\/wp-json\/wp\/v2\/pages\/143"}],"collection":[{"href":"https:\/\/www.katsankimya.com.tr\/ru\/wp-json\/wp\/v2\/pages"}],"about":[{"href":"https:\/\/www.katsankimya.com.tr\/ru\/wp-json\/wp\/v2\/types\/page"}],"author":[{"embeddable":true,"href":"https:\/\/www.katsankimya.com.tr\/ru\/wp-json\/wp\/v2\/users\/1"}],"replies":[{"embeddable":true,"href":"https:\/\/www.katsankimya.com.tr\/ru\/wp-json\/wp\/v2\/comments?post=143"}],"version-history":[{"count":0,"href":"https:\/\/www.katsankimya.com.tr\/ru\/wp-json\/wp\/v2\/pages\/143\/revisions"}],"wp:attachment":[{"href":"https:\/\/www.katsankimya.com.tr\/ru\/wp-json\/wp\/v2\/media?parent=143"}],"curies":[{"name":"wp","href":"https:\/\/api.w.org\/{rel}","templated":true}]}}