{"id":1340,"date":"2014-02-11T23:20:18","date_gmt":"2014-02-11T21:20:18","guid":{"rendered":"https:\/\/www.katsankimya.com.tr.tr\/?page_id=1340"},"modified":"2014-02-11T23:20:18","modified_gmt":"2014-02-11T21:20:18","slug":"iki-bilesenli-strukturel-yapisma-silikonu","status":"publish","type":"page","link":"https:\/\/www.katsankimya.com.tr\/ru\/giydirme-cephe-silikonlari-katplast\/iki-bilesenli-strukturel-yapisma-silikonu\/","title":{"rendered":"\u0130K\u0130 B\u0130LE\u015eENL\u0130 STR\u00dcKT\u00dcREL YAPI\u015eMA S\u0130L\u0130KONU"},"content":{"rendered":"<p><!--:tr--><\/p>\n<h1><span style=\"color: #ff0000;\">Katplast 229<\/span><\/h1>\n<p><strong>\u0130ki bile\u015fenli str\u00fckt\u00fcrel yap\u0131\u015ft\u0131rma silikonu<\/strong><\/p>\n<p><img decoding=\"async\" loading=\"lazy\" class=\"alignnone size-full wp-image-220\" title=\"ge-2\" src=\"https:\/\/katsankimya.com\/br_icerik\/uploads\/2011\/03\/ge-2.jpg\" alt=\"\" width=\"200\" height=\"150\" \/><\/p>\n<p><a title=\"Teknik Bilgi Talebi\" href=\"..\/teknik-bilgi-talebi\/\">Teknik Bilgi Talebi \u0130\u00e7in T\u0131klay\u0131n\u0131z\u2026<\/a><!--:--><!--:en--><\/p>\n<p><\/p>\n<h1><span style=\"color: #ff0000;\">SSG 4400<\/span><\/h1>\n<p><strong><br \/>\n<\/strong><\/p>\n<p><!--:--><!--:ru--><\/p>\n<p><\/p>\n<h1><span style=\"color: #ff0000;\">SSG 4400<\/span><\/h1>\n<\/p>\n<p><!--:--><\/p>\n","protected":false},"excerpt":{"rendered":"<p>Katplast 229 \u0130ki bile\u015fenli str\u00fckt\u00fcrel yap\u0131\u015ft\u0131rma silikonu Teknik Bilgi Talebi \u0130\u00e7in T\u0131klay\u0131n\u0131z\u2026 SSG 4400 SSG 4400<\/p>\n","protected":false},"author":1,"featured_media":0,"parent":1338,"menu_order":0,"comment_status":"closed","ping_status":"closed","template":"","meta":{"footnotes":""},"_links":{"self":[{"href":"https:\/\/www.katsankimya.com.tr\/ru\/wp-json\/wp\/v2\/pages\/1340"}],"collection":[{"href":"https:\/\/www.katsankimya.com.tr\/ru\/wp-json\/wp\/v2\/pages"}],"about":[{"href":"https:\/\/www.katsankimya.com.tr\/ru\/wp-json\/wp\/v2\/types\/page"}],"author":[{"embeddable":true,"href":"https:\/\/www.katsankimya.com.tr\/ru\/wp-json\/wp\/v2\/users\/1"}],"replies":[{"embeddable":true,"href":"https:\/\/www.katsankimya.com.tr\/ru\/wp-json\/wp\/v2\/comments?post=1340"}],"version-history":[{"count":0,"href":"https:\/\/www.katsankimya.com.tr\/ru\/wp-json\/wp\/v2\/pages\/1340\/revisions"}],"up":[{"embeddable":true,"href":"https:\/\/www.katsankimya.com.tr\/ru\/wp-json\/wp\/v2\/pages\/1338"}],"wp:attachment":[{"href":"https:\/\/www.katsankimya.com.tr\/ru\/wp-json\/wp\/v2\/media?parent=1340"}],"curies":[{"name":"wp","href":"https:\/\/api.w.org\/{rel}","templated":true}]}}