{"id":1331,"date":"2014-02-11T23:09:58","date_gmt":"2014-02-11T21:09:58","guid":{"rendered":"https:\/\/www.katsankimya.com.tr.tr\/?page_id=1331"},"modified":"2014-02-11T23:09:58","modified_gmt":"2014-02-11T21:09:58","slug":"polisulfid-esasli-derz-dolgu-mastik","status":"publish","type":"page","link":"https:\/\/www.katsankimya.com.tr\/ru\/endustriyel-mastikler-katplast\/polisulfid-esasli-derz-dolgu-mastik\/","title":{"rendered":"Polis\u00fclfid Esasl\u0131 derz dolgu mastik"},"content":{"rendered":"<p><!--:tr--><span style=\"font-family: 'Arial Black'; font-size: medium;\"><strong><a title=\"Teknik Bilgi Talebi\" href=\"https:\/\/katsankimya.com\/teknik-bilgi-talebi\/\"><br \/>\n<span style=\"color: #c60000;\">Katplast<\/span> <span style=\"color: #000000;\">450<br \/>\n<\/span><\/a><\/strong><\/span><a style=\"line-height: 1.5em;\" title=\"Teknik Bilgi Talebi\" href=\"https:\/\/katsankimya.com\/teknik-bilgi-talebi\/\">(Beton Derzlerinde Kullan\u0131lan \u0130ki Bile\u015fenli Polis\u00fclfid Esasl\u0131 Mastik)<\/a><\/p>\n<p><span style=\"font-family: 'Arial Black'; font-size: medium;\"><strong><a title=\"Teknik Bilgi Talebi\" href=\"https:\/\/katsankimya.com\/teknik-bilgi-talebi\/\"> <span style=\"color: #c60000;\">Katplast<\/span> <span style=\"color: #000000;\">450<br \/>\n<\/span><\/a><\/strong><\/span><a style=\"line-height: 1.5em;\" title=\"Technical Information Request\" href=\"https:\/\/katsankimya.com\/teknik-bilgi-talebi\/\">Polysulphide Based Sealant For Construction Joints<\/a><!--:--><\/p>\n","protected":false},"excerpt":{"rendered":"<p>Katplast 450 (Beton Derzlerinde Kullan\u0131lan \u0130ki Bile\u015fenli Polis\u00fclfid Esasl\u0131 Mastik) Katplast 450 Polysulphide Based Sealant For Construction Joints<\/p>\n","protected":false},"author":1,"featured_media":0,"parent":1329,"menu_order":0,"comment_status":"closed","ping_status":"closed","template":"","meta":{"footnotes":""},"_links":{"self":[{"href":"https:\/\/www.katsankimya.com.tr\/ru\/wp-json\/wp\/v2\/pages\/1331"}],"collection":[{"href":"https:\/\/www.katsankimya.com.tr\/ru\/wp-json\/wp\/v2\/pages"}],"about":[{"href":"https:\/\/www.katsankimya.com.tr\/ru\/wp-json\/wp\/v2\/types\/page"}],"author":[{"embeddable":true,"href":"https:\/\/www.katsankimya.com.tr\/ru\/wp-json\/wp\/v2\/users\/1"}],"replies":[{"embeddable":true,"href":"https:\/\/www.katsankimya.com.tr\/ru\/wp-json\/wp\/v2\/comments?post=1331"}],"version-history":[{"count":0,"href":"https:\/\/www.katsankimya.com.tr\/ru\/wp-json\/wp\/v2\/pages\/1331\/revisions"}],"up":[{"embeddable":true,"href":"https:\/\/www.katsankimya.com.tr\/ru\/wp-json\/wp\/v2\/pages\/1329"}],"wp:attachment":[{"href":"https:\/\/www.katsankimya.com.tr\/ru\/wp-json\/wp\/v2\/media?parent=1331"}],"curies":[{"name":"wp","href":"https:\/\/api.w.org\/{rel}","templated":true}]}}