{"id":1309,"date":"2014-02-11T22:58:56","date_gmt":"2014-02-11T20:58:56","guid":{"rendered":"https:\/\/www.katsankimya.com.tr.tr\/?page_id=1309"},"modified":"2014-02-11T22:58:56","modified_gmt":"2014-02-11T20:58:56","slug":"mukavemet-artiricilar","status":"publish","type":"page","link":"https:\/\/www.katsankimya.com.tr\/ru\/cimento-kimyasallari-katplast\/mukavemet-artiricilar\/","title":{"rendered":"Mukavemet Art\u0131r\u0131c\u0131lar"},"content":{"rendered":"<p><!--:tr--><\/p>\n<table width=\"100%\" border=\"0\">\n<tbody>\n<tr>\n<td><span style=\"font-family: 'Arial Black'; font-size: medium;\"><strong><span style=\"color: #ff0000;\"><br \/>\nKATPLAST<\/span> <\/strong><\/span><strong><span style=\"font-family: Arial Black; font-size: medium;\">65<\/span><\/strong><\/td>\n<\/tr>\n<tr>\n<td><a title=\"Teknik Bilgi Talebi\" href=\"https:\/\/katsankimya.com\/teknik-bilgi-talebi\/\">( Mukavemet Art\u0131r\u0131c\u0131 \u00c7imento Kimyasal\u0131)<\/a><\/td>\n<\/tr>\n<\/tbody>\n<\/table>\n<table width=\"100%\" border=\"0\">\n<tbody>\n<tr>\n<td><span style=\"font-family: 'Arial Black'; font-size: medium;\"><strong><span style=\"color: #ff0000;\"><br \/>\nKATPLAST<\/span> <\/strong><\/span><strong><span style=\"font-family: Arial Black; font-size: medium;\">64<\/span><\/strong><\/td>\n<\/tr>\n<tr>\n<td><a title=\"Teknik Bilgi Talebi\" href=\"https:\/\/katsankimya.com\/teknik-bilgi-talebi\/\">( Mukavemet Art\u0131r\u0131c\u0131 \u00c7imento Kimyasal\u0131)<\/a><\/td>\n<\/tr>\n<\/tbody>\n<\/table>\n<table width=\"100%\" border=\"0\">\n<tbody>\n<tr>\n<td><span style=\"font-family: 'Arial Black'; font-size: medium;\"><strong><span style=\"color: #ff0000;\"><br \/>\nKATPLAST<\/span> <\/strong><\/span><strong><span style=\"font-family: Arial Black; font-size: medium;\">6<\/span><span style=\"font-family: Arial Black; font-size: medium;\">3<\/span><\/strong><\/td>\n<\/tr>\n<tr>\n<td><a title=\"Teknik Bilgi Talebi\" href=\"https:\/\/katsankimya.com\/teknik-bilgi-talebi\/\">( Mukavemet Art\u0131r\u0131c\u0131 \u00c7imento Kimyasal\u0131)<\/a><\/td>\n<\/tr>\n<\/tbody>\n<\/table>\n<table width=\"100%\" border=\"0\">\n<tbody>\n<tr>\n<td><span style=\"font-family: 'Arial Black'; font-size: medium;\"><strong><span style=\"color: #ff0000;\"><br \/>\nKATPLAST<\/span> <\/strong><\/span><strong><span style=\"font-family: Arial Black; font-size: medium;\">6<\/span><span style=\"font-size: medium; font-family: Arial Black;\">2<\/span><\/strong><\/td>\n<\/tr>\n<tr>\n<td><a title=\"Teknik Bilgi Talebi\" href=\"https:\/\/katsankimya.com\/teknik-bilgi-talebi\/\">( Mukavemet Art\u0131r\u0131c\u0131 \u00c7imento Kimyasal\u0131)<\/a><\/td>\n<\/tr>\n<\/tbody>\n<\/table>\n<table width=\"100%\" border=\"0\">\n<tbody>\n<tr>\n<td><span style=\"font-family: 'Arial Black'; font-size: medium;\"><strong><span style=\"color: #ff0000;\"><br \/>\nKATPLAST<\/span> <\/strong><\/span><strong><span style=\"font-family: Arial Black; font-size: medium;\">6<\/span><span style=\"font-family: Arial Black; font-size: medium;\">1<\/span><\/strong><\/td>\n<\/tr>\n<tr>\n<td><a title=\"Teknik Bilgi Talebi\" href=\"https:\/\/katsankimya.com\/teknik-bilgi-talebi\/\">( Mukavemet Art\u0131r\u0131c\u0131 \u00c7imento Kimyasal\u0131)<\/a><\/td>\n<\/tr>\n<\/tbody>\n<\/table>\n<table width=\"100%\" border=\"0\">\n<tbody>\n<tr>\n<td><span style=\"font-family: 'Arial Black'; font-size: medium;\"><strong><span style=\"color: #ff0000;\"><br \/>\nKATPLAST<\/span> <\/strong><\/span><strong><span style=\"font-family: Arial Black; font-size: medium;\">6<\/span><span style=\"font-family: Arial Black; font-size: medium;\">0<\/span><\/strong><\/td>\n<\/tr>\n<tr>\n<td><a title=\"Teknik Bilgi Talebi\" href=\"https:\/\/katsankimya.com\/teknik-bilgi-talebi\/\">( Mukavemet Art\u0131r\u0131c\u0131 \u00c7imento Kimyasal\u0131)<\/a><\/td>\n<\/tr>\n<\/tbody>\n<\/table>\n<table width=\"100%\" border=\"0\">\n<tbody>\n<tr>\n<td><span style=\"font-family: 'Arial Black'; font-size: medium;\"><strong><span style=\"color: #ff0000;\"><br \/>\nKATPLAST<\/span> 56<\/strong><\/span><\/td>\n<\/tr>\n<tr>\n<td><a title=\"Teknik Bilgi Talebi\" href=\"https:\/\/katsankimya.com\/teknik-bilgi-talebi\/\">(Erken Mukavemet Art\u0131r\u0131c\u0131 \u00c7imento Kimyasal\u0131)<\/a><\/td>\n<\/tr>\n<\/tbody>\n<\/table>\n<table width=\"100%\" border=\"0\">\n<tbody>\n<tr>\n<td><span style=\"font-family: 'Arial Black'; font-size: medium;\"><strong><span style=\"color: #ff0000;\"><br \/>\nKATPLAST<\/span> 55<\/strong><\/span><\/td>\n<\/tr>\n<tr>\n<td><a title=\"Teknik Bilgi Talebi\" href=\"https:\/\/katsankimya.com\/teknik-bilgi-talebi\/\">(Erken Mukavemet Art\u0131r\u0131c\u0131 \u00c7imento Kimyasal\u0131)<\/a><\/td>\n<\/tr>\n<\/tbody>\n<\/table>\n<table width=\"100%\" border=\"0\">\n<tbody>\n<tr>\n<td><span style=\"font-family: 'Arial Black'; font-size: medium;\"><strong><span style=\"color: #ff0000;\"><br \/>\nKATPLAST<\/span> <\/strong><\/span><strong><span style=\"font-family: Arial Black; font-size: medium;\">54<\/span><\/strong><\/td>\n<\/tr>\n<tr>\n<td><a title=\"Teknik Bilgi Talebi\" href=\"https:\/\/katsankimya.com\/teknik-bilgi-talebi\/\">(Kapasite Ve Mukavemet Art\u0131r\u0131c\u0131 \u00c7imento Kimyasal\u0131)<\/a><\/td>\n<\/tr>\n<\/tbody>\n<\/table>\n<table width=\"100%\" border=\"0\">\n<tbody>\n<tr>\n<td><span style=\"font-family: 'Arial Black'; font-size: medium;\"><strong><span style=\"color: #ff0000;\"><br \/>\nKATPLAST<\/span> <\/strong><\/span><strong><span style=\"font-family: Arial Black; font-size: medium;\">5<\/span><span style=\"font-family: Arial Black; font-size: medium;\">2<\/span><\/strong><\/td>\n<\/tr>\n<tr>\n<td><a title=\"Teknik Bilgi Talebi\" href=\"https:\/\/katsankimya.com\/teknik-bilgi-talebi\/\">(Kapasite Ve Mukavemet Art\u0131r\u0131c\u0131 \u00c7imento Kimyasal\u0131)<\/a><\/td>\n<\/tr>\n<\/tbody>\n<\/table>\n<table width=\"100%\" border=\"0\">\n<tbody>\n<tr>\n<td><span style=\"font-family: 'Arial Black'; font-size: medium;\"><strong><span style=\"color: #ff0000;\"><br \/>\nKATPLAST<\/span> 50<\/strong><\/span><\/td>\n<\/tr>\n<tr>\n<td><a title=\"Teknik Bilgi Talebi\" href=\"https:\/\/katsankimya.com\/teknik-bilgi-talebi\/\">(Mukavemet Art\u0131r\u0131c\u0131 \u00c7imento Kimyasal\u0131)<\/a><\/td>\n<\/tr>\n<\/tbody>\n<\/table>\n<p><!--:--><\/p>\n","protected":false},"excerpt":{"rendered":"<p>KATPLAST 65 ( Mukavemet Art\u0131r\u0131c\u0131 \u00c7imento Kimyasal\u0131) KATPLAST 64 ( Mukavemet Art\u0131r\u0131c\u0131 \u00c7imento Kimyasal\u0131) KATPLAST 63 ( Mukavemet Art\u0131r\u0131c\u0131 \u00c7imento Kimyasal\u0131) KATPLAST 62 ( Mukavemet Art\u0131r\u0131c\u0131 \u00c7imento Kimyasal\u0131) KATPLAST 61 ( Mukavemet Art\u0131r\u0131c\u0131 \u00c7imento Kimyasal\u0131) KATPLAST 60 ( Mukavemet Art\u0131r\u0131c\u0131 \u00c7imento Kimyasal\u0131) KATPLAST 56 (Erken Mukavemet Art\u0131r\u0131c\u0131 \u00c7imento Kimyasal\u0131) KATPLAST 55 (Erken Mukavemet Art\u0131r\u0131c\u0131 \u00c7imento [&hellip;]<\/p>\n","protected":false},"author":1,"featured_media":0,"parent":1301,"menu_order":0,"comment_status":"closed","ping_status":"closed","template":"","meta":{"footnotes":""},"_links":{"self":[{"href":"https:\/\/www.katsankimya.com.tr\/ru\/wp-json\/wp\/v2\/pages\/1309"}],"collection":[{"href":"https:\/\/www.katsankimya.com.tr\/ru\/wp-json\/wp\/v2\/pages"}],"about":[{"href":"https:\/\/www.katsankimya.com.tr\/ru\/wp-json\/wp\/v2\/types\/page"}],"author":[{"embeddable":true,"href":"https:\/\/www.katsankimya.com.tr\/ru\/wp-json\/wp\/v2\/users\/1"}],"replies":[{"embeddable":true,"href":"https:\/\/www.katsankimya.com.tr\/ru\/wp-json\/wp\/v2\/comments?post=1309"}],"version-history":[{"count":0,"href":"https:\/\/www.katsankimya.com.tr\/ru\/wp-json\/wp\/v2\/pages\/1309\/revisions"}],"up":[{"embeddable":true,"href":"https:\/\/www.katsankimya.com.tr\/ru\/wp-json\/wp\/v2\/pages\/1301"}],"wp:attachment":[{"href":"https:\/\/www.katsankimya.com.tr\/ru\/wp-json\/wp\/v2\/media?parent=1309"}],"curies":[{"name":"wp","href":"https:\/\/api.w.org\/{rel}","templated":true}]}}