{"id":1307,"date":"2014-02-11T22:58:02","date_gmt":"2014-02-11T20:58:02","guid":{"rendered":"https:\/\/www.katsankimya.com.tr.tr\/?page_id=1307"},"modified":"2014-02-11T22:58:02","modified_gmt":"2014-02-11T20:58:02","slug":"krom-indirgeyiciler","status":"publish","type":"page","link":"https:\/\/www.katsankimya.com.tr\/ru\/cimento-kimyasallari-katplast\/krom-indirgeyiciler\/","title":{"rendered":"Krom \u0130ndirgeyiciler"},"content":{"rendered":"<p><!--:tr--><\/p>\n<table width=\"100%\" border=\"0\">\n<tbody>\n<tr>\n<td><span style=\"font-family: 'Arial Black'; font-size: medium;\"><strong><span style=\"color: #ff0000;\"><br \/>\nKATPLAST<\/span> 71<\/strong><\/span><\/td>\n<\/tr>\n<tr>\n<td><a title=\"Teknik Bilgi Talebi\" href=\"https:\/\/katsankimya.com\/teknik-bilgi-talebi\/\">(Krom (V\u0131) \u0130ndirgeyici Kimyasal)<\/a><\/td>\n<\/tr>\n<\/tbody>\n<\/table>\n<table width=\"100%\" border=\"0\">\n<tbody>\n<tr>\n<td><span style=\"font-family: 'Arial Black'; font-size: medium;\"><strong><span style=\"color: #ff0000;\"><br \/>\nKATPLAST<\/span> 73<\/strong><\/span><\/td>\n<\/tr>\n<tr>\n<td><a title=\"Teknik Bilgi Talebi\" href=\"https:\/\/katsankimya.com\/teknik-bilgi-talebi\/\">(Krom (V\u0131)\u0130ndirgeyici Kimyasal)<\/a><\/td>\n<\/tr>\n<\/tbody>\n<\/table>\n<p>&nbsp;<\/p>\n<p><!--:--><!--:en--><\/p>\n<table width=\"100%\" border=\"0\">\n<tbody>\n<tr>\n<td><span style=\"font-family: 'Arial Black'; font-size: medium;\"><strong><span style=\"color: #ff0000;\"><br \/>\nKATPLAST<\/span> 71<\/strong><\/span><\/td>\n<\/tr>\n<tr>\n<td><a title=\"Teknik Bilgi Talebi\" href=\"https:\/\/katsankimya.com\/teknik-bilgi-talebi\/\">(Krom (V\u0131) \u0130ndirgeyici Kimyasal)<\/a><\/td>\n<\/tr>\n<\/tbody>\n<\/table>\n<table width=\"100%\" border=\"0\">\n<tbody>\n<tr>\n<td><span style=\"font-family: 'Arial Black'; font-size: medium;\"><strong><span style=\"color: #ff0000;\"><br \/>\nKATPLAST<\/span> 73<\/strong><\/span><\/td>\n<\/tr>\n<tr>\n<td><a title=\"Teknik Bilgi Talebi\" href=\"https:\/\/katsankimya.com\/teknik-bilgi-talebi\/\">(Krom (V\u0131)\u0130ndirgeyici Kimyasal)<\/a><\/td>\n<\/tr>\n<\/tbody>\n<\/table>\n<p>&nbsp;<\/p>\n<p><!--:--><!--:ru--><\/p>\n<table width=\"100%\" border=\"0\">\n<tbody>\n<tr>\n<td><span style=\"font-family: 'Arial Black'; font-size: medium;\"><strong><span style=\"color: #ff0000;\"><br \/>\nKATPLAST<\/span> 71<\/strong><\/span><\/td>\n<\/tr>\n<tr>\n<td><a title=\"Teknik Bilgi Talebi\" href=\"https:\/\/katsankimya.com\/teknik-bilgi-talebi\/\">(Krom (V\u0131) \u0130ndirgeyici Kimyasal)<\/a><\/td>\n<\/tr>\n<\/tbody>\n<\/table>\n<table width=\"100%\" border=\"0\">\n<tbody>\n<tr>\n<td><span style=\"font-family: 'Arial Black'; font-size: medium;\"><strong><span style=\"color: #ff0000;\"><br \/>\nKATPLAST<\/span> 73<\/strong><\/span><\/td>\n<\/tr>\n<tr>\n<td><a title=\"Teknik Bilgi Talebi\" href=\"https:\/\/katsankimya.com\/teknik-bilgi-talebi\/\">(Krom (V\u0131)\u0130ndirgeyici Kimyasal)<\/a><\/td>\n<\/tr>\n<\/tbody>\n<\/table>\n<p>&nbsp;<\/p>\n<p><!--:--><\/p>\n","protected":false},"excerpt":{"rendered":"<p>KATPLAST 71 (Krom (V\u0131) \u0130ndirgeyici Kimyasal) KATPLAST 73 (Krom (V\u0131)\u0130ndirgeyici Kimyasal) &nbsp; KATPLAST 71 (Krom (V\u0131) \u0130ndirgeyici Kimyasal) KATPLAST 73 (Krom (V\u0131)\u0130ndirgeyici Kimyasal) &nbsp; KATPLAST 71 (Krom (V\u0131) \u0130ndirgeyici Kimyasal) KATPLAST 73 (Krom (V\u0131)\u0130ndirgeyici Kimyasal) &nbsp;<\/p>\n","protected":false},"author":1,"featured_media":0,"parent":1301,"menu_order":0,"comment_status":"closed","ping_status":"closed","template":"","meta":{"footnotes":""},"_links":{"self":[{"href":"https:\/\/www.katsankimya.com.tr\/ru\/wp-json\/wp\/v2\/pages\/1307"}],"collection":[{"href":"https:\/\/www.katsankimya.com.tr\/ru\/wp-json\/wp\/v2\/pages"}],"about":[{"href":"https:\/\/www.katsankimya.com.tr\/ru\/wp-json\/wp\/v2\/types\/page"}],"author":[{"embeddable":true,"href":"https:\/\/www.katsankimya.com.tr\/ru\/wp-json\/wp\/v2\/users\/1"}],"replies":[{"embeddable":true,"href":"https:\/\/www.katsankimya.com.tr\/ru\/wp-json\/wp\/v2\/comments?post=1307"}],"version-history":[{"count":0,"href":"https:\/\/www.katsankimya.com.tr\/ru\/wp-json\/wp\/v2\/pages\/1307\/revisions"}],"up":[{"embeddable":true,"href":"https:\/\/www.katsankimya.com.tr\/ru\/wp-json\/wp\/v2\/pages\/1301"}],"wp:attachment":[{"href":"https:\/\/www.katsankimya.com.tr\/ru\/wp-json\/wp\/v2\/media?parent=1307"}],"curies":[{"name":"wp","href":"https:\/\/api.w.org\/{rel}","templated":true}]}}