{"id":1305,"date":"2014-02-11T22:57:28","date_gmt":"2014-02-11T20:57:28","guid":{"rendered":"https:\/\/www.katsankimya.com.tr.tr\/?page_id=1305"},"modified":"2014-02-11T22:57:28","modified_gmt":"2014-02-11T20:57:28","slug":"mineral-ve-hammadde-ogutme-yardimcilar","status":"publish","type":"page","link":"https:\/\/www.katsankimya.com.tr\/ru\/cimento-kimyasallari-katplast\/mineral-ve-hammadde-ogutme-yardimcilar\/","title":{"rendered":"Mineral Ve Hammadde \u00d6\u011f\u00fctme Yard\u0131mc\u0131lar"},"content":{"rendered":"<p><!--:tr--><\/p>\n<table width=\"100%\" border=\"0\">\n<tbody>\n<tr>\n<td><span style=\"font-family: 'Arial Black'; font-size: medium;\"><strong><span style=\"color: #ff0000;\"><br \/>\nKATPLAST<\/span> 42<\/strong><\/span><\/td>\n<\/tr>\n<tr>\n<td><a title=\"Teknik Bilgi Talebi\" href=\"https:\/\/katsankimya.com\/teknik-bilgi-talebi\/\">Mineral ve hammadde \u00f6\u011f\u00fctme kimyasal\u0131<\/a><\/td>\n<\/tr>\n<\/tbody>\n<\/table>\n<table width=\"100%\" border=\"0\">\n<tbody>\n<tr>\n<td><span style=\"font-family: 'Arial Black'; font-size: medium;\"><strong><span style=\"color: #ff0000;\"><br \/>\nKATPLAST<\/span> 40<\/strong><\/span><\/td>\n<\/tr>\n<tr>\n<td><a title=\"Teknik Bilgi Talebi\" href=\"https:\/\/katsankimya.com\/teknik-bilgi-talebi\/\">Mineral ve hammadde \u00f6\u011f\u00fctme kimyasal\u0131<\/a><\/td>\n<\/tr>\n<\/tbody>\n<\/table>\n<p><!--:--><!--:en--><\/p>\n<table width=\"100%\" border=\"0\">\n<tbody>\n<tr>\n<td><span style=\"font-family: 'Arial Black'; font-size: medium;\"><strong><span style=\"color: #ff0000;\"><br \/>\nKATPLAST<\/span> 42<\/strong><\/span><\/td>\n<\/tr>\n<tr>\n<td><a title=\"Teknik Bilgi Talebi\" href=\"https:\/\/katsankimya.com\/teknik-bilgi-talebi\/\">Mineral ve hammadde \u00f6\u011f\u00fctme kimyasal\u0131<\/a><\/td>\n<\/tr>\n<\/tbody>\n<\/table>\n<table width=\"100%\" border=\"0\">\n<tbody>\n<tr>\n<td><span style=\"font-family: 'Arial Black'; font-size: medium;\"><strong><span style=\"color: #ff0000;\"><br \/>\nKATPLAST<\/span> 40<\/strong><\/span><\/td>\n<\/tr>\n<tr>\n<td><a title=\"Teknik Bilgi Talebi\" href=\"https:\/\/katsankimya.com\/teknik-bilgi-talebi\/\">Mineral ve hammadde \u00f6\u011f\u00fctme kimyasal\u0131<\/a><\/td>\n<\/tr>\n<\/tbody>\n<\/table>\n<p><!--:--><!--:ru--><\/p>\n<table width=\"100%\" border=\"0\">\n<tbody>\n<tr>\n<td><span style=\"font-family: 'Arial Black'; font-size: medium;\"><strong><span style=\"color: #ff0000;\"><br \/>\nKATPLAST<\/span> 42<\/strong><\/span><\/td>\n<\/tr>\n<tr>\n<td><a title=\"Teknik Bilgi Talebi\" href=\"https:\/\/katsankimya.com\/teknik-bilgi-talebi\/\">Mineral ve hammadde \u00f6\u011f\u00fctme kimyasal\u0131<\/a><\/td>\n<\/tr>\n<\/tbody>\n<\/table>\n<table width=\"100%\" border=\"0\">\n<tbody>\n<tr>\n<td><span style=\"font-family: 'Arial Black'; font-size: medium;\"><strong><span style=\"color: #ff0000;\"><br \/>\nKATPLAST<\/span> 40<\/strong><\/span><\/td>\n<\/tr>\n<tr>\n<td><a title=\"Teknik Bilgi Talebi\" href=\"https:\/\/katsankimya.com\/teknik-bilgi-talebi\/\">Mineral ve hammadde \u00f6\u011f\u00fctme kimyasal\u0131<\/a><\/td>\n<\/tr>\n<\/tbody>\n<\/table>\n<p><!--:--><\/p>\n","protected":false},"excerpt":{"rendered":"<p>KATPLAST 42 Mineral ve hammadde \u00f6\u011f\u00fctme kimyasal\u0131 KATPLAST 40 Mineral ve hammadde \u00f6\u011f\u00fctme kimyasal\u0131 KATPLAST 42 Mineral ve hammadde \u00f6\u011f\u00fctme kimyasal\u0131 KATPLAST 40 Mineral ve hammadde \u00f6\u011f\u00fctme kimyasal\u0131 KATPLAST 42 Mineral ve hammadde \u00f6\u011f\u00fctme kimyasal\u0131 KATPLAST 40 Mineral ve hammadde \u00f6\u011f\u00fctme kimyasal\u0131<\/p>\n","protected":false},"author":1,"featured_media":0,"parent":1301,"menu_order":0,"comment_status":"closed","ping_status":"closed","template":"","meta":{"footnotes":""},"_links":{"self":[{"href":"https:\/\/www.katsankimya.com.tr\/ru\/wp-json\/wp\/v2\/pages\/1305"}],"collection":[{"href":"https:\/\/www.katsankimya.com.tr\/ru\/wp-json\/wp\/v2\/pages"}],"about":[{"href":"https:\/\/www.katsankimya.com.tr\/ru\/wp-json\/wp\/v2\/types\/page"}],"author":[{"embeddable":true,"href":"https:\/\/www.katsankimya.com.tr\/ru\/wp-json\/wp\/v2\/users\/1"}],"replies":[{"embeddable":true,"href":"https:\/\/www.katsankimya.com.tr\/ru\/wp-json\/wp\/v2\/comments?post=1305"}],"version-history":[{"count":0,"href":"https:\/\/www.katsankimya.com.tr\/ru\/wp-json\/wp\/v2\/pages\/1305\/revisions"}],"up":[{"embeddable":true,"href":"https:\/\/www.katsankimya.com.tr\/ru\/wp-json\/wp\/v2\/pages\/1301"}],"wp:attachment":[{"href":"https:\/\/www.katsankimya.com.tr\/ru\/wp-json\/wp\/v2\/media?parent=1305"}],"curies":[{"name":"wp","href":"https:\/\/api.w.org\/{rel}","templated":true}]}}