{"id":1292,"date":"2014-02-11T22:42:59","date_gmt":"2014-02-11T20:42:59","guid":{"rendered":"https:\/\/www.katsankimya.com.tr.tr\/?page_id=1292"},"modified":"2014-02-11T22:42:59","modified_gmt":"2014-02-11T20:42:59","slug":"ozel-urunler","status":"publish","type":"page","link":"https:\/\/www.katsankimya.com.tr\/ru\/beton-kimyasallari-beton\/ozel-urunler\/","title":{"rendered":"\u00d6zel \u00dcr\u00fcnler"},"content":{"rendered":"<p><!--:tr--><\/p>\n<table style=\"border-collapse: collapse;\" width=\"100%\" border=\"0\">\n<tbody>\n<tr>\n<td>\n<h2><span style=\"font-family: 'Arial Black';\"><a style=\"text-decoration: none;\" title=\"Teknik Bilgi Talebi\" href=\"https:\/\/katsankimya.com\/teknik-bilgi-talebi\/\"><strong><span style=\"color: #ff0000;\">Katair<\/span><\/strong><\/a><\/span><\/h2>\n<\/td>\n<\/tr>\n<tr>\n<td><\/td>\n<\/tr>\n<tr>\n<td><a style=\"text-decoration: none;\" title=\"Teknik Bilgi Talebi\" href=\"https:\/\/katsankimya.com\/teknik-bilgi-talebi\/\"><span style=\"color: #000000;\">(Hava S\u00fcr\u00fckleyici Katk\u0131 Maddesi)<\/span><\/a><\/td>\n<\/tr>\n<tr>\n<td><\/td>\n<\/tr>\n<tr>\n<td><\/td>\n<\/tr>\n<tr>\n<td>\n<h2><span style=\"font-family: 'Arial Black';\"> <a style=\"text-decoration: none;\" title=\"Teknik Bilgi Talebi\" href=\"https:\/\/katsankimya.com\/teknik-bilgi-talebi\/\"> <strong><span style=\"color: #ff0000;\">Katimper<\/span><\/strong><\/a><\/span><\/h2>\n<\/td>\n<\/tr>\n<tr>\n<td height=\"20\"><a style=\"text-decoration: none;\" title=\"Teknik Bilgi Talebi\" href=\"https:\/\/katsankimya.com\/teknik-bilgi-talebi\/\"><span style=\"color: #000000;\">(Su Ge\u00e7irimsizlik Katk\u0131 Maddesi)<\/span><\/a><\/td>\n<\/tr>\n<tr>\n<td><\/td>\n<\/tr>\n<tr>\n<td><\/td>\n<\/tr>\n<tr>\n<td>\n<h2><span style=\"font-family: 'Arial Black';\"> <a style=\"text-decoration: none;\" title=\"Teknik Bilgi Talebi\" href=\"https:\/\/katsankimya.com\/teknik-bilgi-talebi\/\"> <strong><span style=\"color: #ff0000;\">Katform 5<\/span><\/strong><\/a><\/span><\/h2>\n<\/td>\n<\/tr>\n<tr>\n<td><\/td>\n<\/tr>\n<tr>\n<td><a style=\"text-decoration: none;\" title=\"Teknik Bilgi Talebi\" href=\"https:\/\/katsankimya.com\/teknik-bilgi-talebi\/\"><span style=\"color: #000000;\">(\u00c7elik Kal\u0131p Ya\u011f\u0131)<\/span><\/a><\/td>\n<\/tr>\n<tr>\n<td><\/td>\n<\/tr>\n<tr>\n<td><\/td>\n<\/tr>\n<tr>\n<td>\n<h2><span style=\"font-family: 'Arial Black';\"> <a style=\"text-decoration: none;\" title=\"Teknik Bilgi Talebi\" href=\"https:\/\/katsankimya.com\/teknik-bilgi-talebi\/\"> <strong><span style=\"color: #ff0000;\">Katform 1<\/span><\/strong><\/a><\/span><\/h2>\n<p><span style=\"font-family: 'Arial Black';\"><br \/>\n<\/span><\/td>\n<\/tr>\n<tr>\n<td><a style=\"text-decoration: none;\" title=\"Teknik Bilgi Talebi\" href=\"https:\/\/katsankimya.com\/teknik-bilgi-talebi\/\"><span style=\"color: #000000;\">(Ah\u015fap Kal\u0131p Ya\u011f\u0131)<\/span><\/a><\/td>\n<\/tr>\n<tr>\n<td><\/td>\n<\/tr>\n<tr>\n<td><\/td>\n<\/tr>\n<tr>\n<td>\n<h2><span style=\"font-family: 'Arial Black';\"> <a style=\"text-decoration: none;\" title=\"Teknik Bilgi Talebi\" href=\"https:\/\/katsankimya.com\/teknik-bilgi-talebi\/\"> <strong><span style=\"color: #ff0000;\">Katgrout<\/span><\/strong><\/a><\/span><\/h2>\n<\/td>\n<\/tr>\n<tr>\n<td><\/td>\n<\/tr>\n<tr>\n<td><a style=\"text-decoration: none;\" title=\"Teknik Bilgi Talebi\" href=\"https:\/\/katsankimya.com\/teknik-bilgi-talebi\/\"><span style=\"color: #000000;\">(\u00c7imento Esasl\u0131 Tamir Harc\u0131)<\/span><\/a><\/td>\n<\/tr>\n<tr>\n<td><\/td>\n<\/tr>\n<tr>\n<td><\/td>\n<\/tr>\n<tr>\n<td>\n<h2><span style=\"font-family: 'Arial Black';\"> <a style=\"text-decoration: none;\" title=\"Teknik Bilgi Talebi\" href=\"https:\/\/katsankimya.com\/teknik-bilgi-talebi\/\"> <strong><span style=\"color: #ff0000;\">Katkol<\/span><\/strong><\/a><\/span><\/h2>\n<\/td>\n<\/tr>\n<tr>\n<td><\/td>\n<\/tr>\n<tr>\n<td><a style=\"text-decoration: none;\" title=\"Teknik Bilgi Talebi\" href=\"https:\/\/katsankimya.com\/teknik-bilgi-talebi\/\"><span style=\"color: #000000;\">(Aderans Art\u0131r\u0131c\u0131 Katk\u0131 Maddesi)<\/span><\/a><\/td>\n<\/tr>\n<tr>\n<td><\/td>\n<\/tr>\n<tr>\n<td><\/td>\n<\/tr>\n<tr>\n<td>\n<h2><span style=\"font-family: 'Arial Black';\"> <a style=\"text-decoration: none;\" title=\"Teknik Bilgi Talebi\" href=\"https:\/\/katsankimya.com\/teknik-bilgi-talebi\/\"> <strong><span style=\"color: #ff0000;\">Katk\u00fcr<\/span><\/strong><\/a><\/span><\/h2>\n<\/td>\n<\/tr>\n<tr>\n<td><a style=\"text-decoration: none;\" title=\"Teknik Bilgi Talebi\" href=\"https:\/\/katsankimya.com\/teknik-bilgi-talebi\/\"><span style=\"color: #000000;\">(Beton K\u00fcr Maddesi)<\/span><\/a><\/td>\n<\/tr>\n<\/tbody>\n<\/table>\n<p><!--:--><!--:en--><\/p>\n<table style=\"border-collapse: collapse;\" width=\"100%\" border=\"0\">\n<tbody>\n<tr>\n<td>\n<h2><span style=\"font-family: 'Arial Black';\"><a style=\"text-decoration: none;\" title=\"Teknik Bilgi Talebi\" href=\"https:\/\/katsankimya.com\/teknik-bilgi-talebi\/\"><strong><span style=\"color: #ff0000;\">Katair<\/span><\/strong><\/a><\/span><\/h2>\n<\/td>\n<\/tr>\n<tr>\n<td><\/td>\n<\/tr>\n<tr>\n<td><a style=\"text-decoration: none;\" title=\"Teknik Bilgi Talebi\" href=\"https:\/\/katsankimya.com\/teknik-bilgi-talebi\/\"><span style=\"color: #000000;\">(Hava S\u00fcr\u00fckleyici Katk\u0131 Maddesi)<\/span><\/a><\/td>\n<\/tr>\n<tr>\n<td><\/td>\n<\/tr>\n<tr>\n<td><\/td>\n<\/tr>\n<tr>\n<td>\n<h2><span style=\"font-family: 'Arial Black';\"> <a style=\"text-decoration: none;\" title=\"Teknik Bilgi Talebi\" href=\"https:\/\/katsankimya.com\/teknik-bilgi-talebi\/\"> <strong><span style=\"color: #ff0000;\">Katimper<\/span><\/strong><\/a><\/span><\/h2>\n<\/td>\n<\/tr>\n<tr>\n<td height=\"20\"><a style=\"text-decoration: none;\" title=\"Teknik Bilgi Talebi\" href=\"https:\/\/katsankimya.com\/teknik-bilgi-talebi\/\"><span style=\"color: #000000;\">(Su Ge\u00e7irimsizlik Katk\u0131 Maddesi)<\/span><\/a><\/td>\n<\/tr>\n<tr>\n<td><\/td>\n<\/tr>\n<tr>\n<td><\/td>\n<\/tr>\n<tr>\n<td>\n<h2><span style=\"font-family: 'Arial Black';\"> <a style=\"text-decoration: none;\" title=\"Teknik Bilgi Talebi\" href=\"https:\/\/katsankimya.com\/teknik-bilgi-talebi\/\"> <strong><span style=\"color: #ff0000;\">Katform 5<\/span><\/strong><\/a><\/span><\/h2>\n<\/td>\n<\/tr>\n<tr>\n<td><\/td>\n<\/tr>\n<tr>\n<td><a style=\"text-decoration: none;\" title=\"Teknik Bilgi Talebi\" href=\"https:\/\/katsankimya.com\/teknik-bilgi-talebi\/\"><span style=\"color: #000000;\">(\u00c7elik Kal\u0131p Ya\u011f\u0131)<\/span><\/a><\/td>\n<\/tr>\n<tr>\n<td><\/td>\n<\/tr>\n<tr>\n<td><\/td>\n<\/tr>\n<tr>\n<td>\n<h2><span style=\"font-family: 'Arial Black';\"> <a style=\"text-decoration: none;\" title=\"Teknik Bilgi Talebi\" href=\"https:\/\/katsankimya.com\/teknik-bilgi-talebi\/\"> <strong><span style=\"color: #ff0000;\">Katform 1<\/span><\/strong><\/a><\/span><\/h2>\n<p><span style=\"font-family: 'Arial Black';\"><br \/>\n<\/span><\/td>\n<\/tr>\n<tr>\n<td><a style=\"text-decoration: none;\" title=\"Teknik Bilgi Talebi\" href=\"https:\/\/katsankimya.com\/teknik-bilgi-talebi\/\"><span style=\"color: #000000;\">(Ah\u015fap Kal\u0131p Ya\u011f\u0131)<\/span><\/a><\/td>\n<\/tr>\n<tr>\n<td><\/td>\n<\/tr>\n<tr>\n<td><\/td>\n<\/tr>\n<tr>\n<td>\n<h2><span style=\"font-family: 'Arial Black';\"> <a style=\"text-decoration: none;\" title=\"Teknik Bilgi Talebi\" href=\"https:\/\/katsankimya.com\/teknik-bilgi-talebi\/\"> <strong><span style=\"color: #ff0000;\">Katgrout<\/span><\/strong><\/a><\/span><\/h2>\n<\/td>\n<\/tr>\n<tr>\n<td><\/td>\n<\/tr>\n<tr>\n<td><a style=\"text-decoration: none;\" title=\"Teknik Bilgi Talebi\" href=\"https:\/\/katsankimya.com\/teknik-bilgi-talebi\/\"><span style=\"color: #000000;\">(\u00c7imento Esasl\u0131 Tamir Harc\u0131)<\/span><\/a><\/td>\n<\/tr>\n<tr>\n<td><\/td>\n<\/tr>\n<tr>\n<td><\/td>\n<\/tr>\n<tr>\n<td>\n<h2><span style=\"font-family: 'Arial Black';\"> <a style=\"text-decoration: none;\" title=\"Teknik Bilgi Talebi\" href=\"https:\/\/katsankimya.com\/teknik-bilgi-talebi\/\"> <strong><span style=\"color: #ff0000;\">Katkol<\/span><\/strong><\/a><\/span><\/h2>\n<\/td>\n<\/tr>\n<tr>\n<td><\/td>\n<\/tr>\n<tr>\n<td><a style=\"text-decoration: none;\" title=\"Teknik Bilgi Talebi\" href=\"https:\/\/katsankimya.com\/teknik-bilgi-talebi\/\"><span style=\"color: #000000;\">(Aderans Art\u0131r\u0131c\u0131 Katk\u0131 Maddesi)<\/span><\/a><\/td>\n<\/tr>\n<tr>\n<td><\/td>\n<\/tr>\n<tr>\n<td><\/td>\n<\/tr>\n<tr>\n<td>\n<h2><span style=\"font-family: 'Arial Black';\"> <a style=\"text-decoration: none;\" title=\"Teknik Bilgi Talebi\" href=\"https:\/\/katsankimya.com\/teknik-bilgi-talebi\/\"> <strong><span style=\"color: #ff0000;\">Katk\u00fcr<\/span><\/strong><\/a><\/span><\/h2>\n<\/td>\n<\/tr>\n<tr>\n<td><a style=\"text-decoration: none;\" title=\"Teknik Bilgi Talebi\" href=\"https:\/\/katsankimya.com\/teknik-bilgi-talebi\/\"><span style=\"color: #000000;\">(Beton K\u00fcr Maddesi)<\/span><\/a><\/td>\n<\/tr>\n<\/tbody>\n<\/table>\n<table style=\"border-collapse: collapse;\" width=\"100%\" border=\"0\">\n<tbody>\n<tr>\n<td>\n<h2><span style=\"font-family: 'Tahoma';\"> <strong><a style=\"text-decoration: none;\" title=\"Teknik Bilgi Talebi\" href=\"https:\/\/katsankimya.com\/teknik-bilgi-talebi\/\"><span style=\"color: #ff0000;\">Katair<\/span><\/a><\/strong><\/span><\/h2>\n<\/td>\n<\/tr>\n<tr>\n<td><a title=\"Technical Information Request\" href=\"https:\/\/katsankimya.com\/teknik-bilgi-talebi\/\">(Air Entraining Admixture)<\/a><\/td>\n<\/tr>\n<tr>\n<td><\/td>\n<\/tr>\n<tr>\n<td><\/td>\n<\/tr>\n<tr>\n<td><\/td>\n<\/tr>\n<tr>\n<td>\n<h2><span style=\"font-family: 'Tahoma';\"> <a style=\"text-decoration: none;\" title=\"Teknik Bilgi Talebi\" href=\"https:\/\/katsankimya.com\/teknik-bilgi-talebi\/\"> <strong><span style=\"color: #ff0000;\">Katimper<\/span><\/strong><\/a><\/span><\/h2>\n<\/td>\n<\/tr>\n<tr>\n<td height=\"20\"><a title=\"Technical Information Request\" href=\"https:\/\/katsankimya.com\/teknik-bilgi-talebi\/\">(Water Repeeling Admixture)<\/a><\/td>\n<\/tr>\n<tr>\n<td><\/td>\n<\/tr>\n<tr>\n<td><\/td>\n<\/tr>\n<tr>\n<td>\n<h2><span style=\"font-family: 'Tahoma';\"> <a style=\"text-decoration: none;\" title=\"Teknik Bilgi Talebi\" href=\"https:\/\/katsankimya.com\/teknik-bilgi-talebi\/\"> <strong><span style=\"color: #ff0000;\">Katform 5<\/span><\/strong><\/a><\/span><\/h2>\n<\/td>\n<\/tr>\n<tr>\n<td><a title=\"Technical Information Request\" href=\"https:\/\/katsankimya.com\/teknik-bilgi-talebi\/\">(Release Agent For Steel Formwork)<\/a><\/td>\n<\/tr>\n<tr>\n<td><\/td>\n<\/tr>\n<tr>\n<td><\/td>\n<\/tr>\n<tr>\n<td>\n<h2><span style=\"font-family: 'Tahoma';\"> <a style=\"text-decoration: none;\" title=\"Teknik Bilgi Talebi\" href=\"https:\/\/katsankimya.com\/teknik-bilgi-talebi\/\"> <strong><span style=\"color: #ff0000;\">Katform 1<\/span><\/strong><\/a><\/span><\/h2>\n<\/td>\n<\/tr>\n<tr>\n<td><a title=\"Technical Information Request\" href=\"https:\/\/katsankimya.com\/teknik-bilgi-talebi\/\">(Release Agent For Wooden Formwork)<\/a><\/td>\n<\/tr>\n<tr>\n<td><\/td>\n<\/tr>\n<tr>\n<td><\/td>\n<\/tr>\n<tr>\n<td>\n<h2><span style=\"font-family: 'Tahoma';\"> <a style=\"text-decoration: none;\" title=\"Teknik Bilgi Talebi\" href=\"https:\/\/katsankimya.com\/teknik-bilgi-talebi\/\"> <strong><span style=\"color: #ff0000;\">Katgrout<\/span><\/strong><\/a><\/span><\/h2>\n<\/td>\n<\/tr>\n<tr>\n<td><\/td>\n<\/tr>\n<tr>\n<td><a title=\"Technical Information Request\" href=\"https:\/\/katsankimya.com\/teknik-bilgi-talebi\/\">(Cement Based\u00a0 Grout)<\/a><\/td>\n<\/tr>\n<tr>\n<td><\/td>\n<\/tr>\n<tr>\n<td><\/td>\n<\/tr>\n<tr>\n<td>\n<h2><span style=\"font-family: 'Tahoma';\"> <a style=\"text-decoration: none;\" title=\"Teknik Bilgi Talebi\" href=\"https:\/\/katsankimya.com\/teknik-bilgi-talebi\/\"> <strong><span style=\"color: #ff0000;\">Katkol<\/span><\/strong><\/a><\/span><\/h2>\n<\/td>\n<\/tr>\n<tr>\n<td><\/td>\n<\/tr>\n<tr>\n<td><a title=\"Technical Information Request\" href=\"https:\/\/katsankimya.com\/teknik-bilgi-talebi\/\">(Concrete Reparing Admixture)<\/a><\/td>\n<\/tr>\n<tr>\n<td><\/td>\n<\/tr>\n<tr>\n<td><\/td>\n<\/tr>\n<tr>\n<td>\n<h2><span style=\"font-family: 'Tahoma';\"> <a style=\"text-decoration: none;\" title=\"Teknik Bilgi Talebi\" href=\"https:\/\/katsankimya.com\/teknik-bilgi-talebi\/\"> <strong><span style=\"color: #ff0000;\">Katk\u00fcr<\/span><\/strong><\/a><\/span><\/h2>\n<\/td>\n<\/tr>\n<tr>\n<td><a title=\"Technical Information Request\" href=\"https:\/\/katsankimya.com\/teknik-bilgi-talebi\/\">(Curing Compound)<\/a><\/td>\n<\/tr>\n<\/tbody>\n<\/table>\n<p><!--:--><!--:ru--><\/p>\n<table style=\"border-collapse: collapse;\" width=\"100%\" border=\"0\">\n<tbody>\n<tr>\n<td>\n<h2><span style=\"font-family: 'Arial Black';\"><a style=\"text-decoration: none;\" title=\"Teknik Bilgi Talebi\" href=\"https:\/\/katsankimya.com\/teknik-bilgi-talebi\/\"><strong><span style=\"color: #ff0000;\">Katair<\/span><\/strong><\/a><\/span><\/h2>\n<\/td>\n<\/tr>\n<tr>\n<td><\/td>\n<\/tr>\n<tr>\n<td><a style=\"text-decoration: none;\" title=\"Teknik Bilgi Talebi\" href=\"https:\/\/katsankimya.com\/teknik-bilgi-talebi\/\"><span style=\"color: #000000;\">(Hava S\u00fcr\u00fckleyici Katk\u0131 Maddesi)<\/span><\/a><\/td>\n<\/tr>\n<tr>\n<td><\/td>\n<\/tr>\n<tr>\n<td><\/td>\n<\/tr>\n<tr>\n<td>\n<h2><span style=\"font-family: 'Arial Black';\"> <a style=\"text-decoration: none;\" title=\"Teknik Bilgi Talebi\" href=\"https:\/\/katsankimya.com\/teknik-bilgi-talebi\/\"> <strong><span style=\"color: #ff0000;\">Katimper<\/span><\/strong><\/a><\/span><\/h2>\n<\/td>\n<\/tr>\n<tr>\n<td height=\"20\"><a style=\"text-decoration: none;\" title=\"Teknik Bilgi Talebi\" href=\"https:\/\/katsankimya.com\/teknik-bilgi-talebi\/\"><span style=\"color: #000000;\">(Su Ge\u00e7irimsizlik Katk\u0131 Maddesi)<\/span><\/a><\/td>\n<\/tr>\n<tr>\n<td><\/td>\n<\/tr>\n<tr>\n<td><\/td>\n<\/tr>\n<tr>\n<td>\n<h2><span style=\"font-family: 'Arial Black';\"> <a style=\"text-decoration: none;\" title=\"Teknik Bilgi Talebi\" href=\"https:\/\/katsankimya.com\/teknik-bilgi-talebi\/\"> <strong><span style=\"color: #ff0000;\">Katform 5<\/span><\/strong><\/a><\/span><\/h2>\n<\/td>\n<\/tr>\n<tr>\n<td><\/td>\n<\/tr>\n<tr>\n<td><a style=\"text-decoration: none;\" title=\"Teknik Bilgi Talebi\" href=\"https:\/\/katsankimya.com\/teknik-bilgi-talebi\/\"><span style=\"color: #000000;\">(\u00c7elik Kal\u0131p Ya\u011f\u0131)<\/span><\/a><\/td>\n<\/tr>\n<tr>\n<td><\/td>\n<\/tr>\n<tr>\n<td><\/td>\n<\/tr>\n<tr>\n<td>\n<h2><span style=\"font-family: 'Arial Black';\"> <a style=\"text-decoration: none;\" title=\"Teknik Bilgi Talebi\" href=\"https:\/\/katsankimya.com\/teknik-bilgi-talebi\/\"> <strong><span style=\"color: #ff0000;\">Katform 1<\/span><\/strong><\/a><\/span><\/h2>\n<p><span style=\"font-family: 'Arial Black';\"><br \/>\n<\/span><\/td>\n<\/tr>\n<tr>\n<td><a style=\"text-decoration: none;\" title=\"Teknik Bilgi Talebi\" href=\"https:\/\/katsankimya.com\/teknik-bilgi-talebi\/\"><span style=\"color: #000000;\">(Ah\u015fap Kal\u0131p Ya\u011f\u0131)<\/span><\/a><\/td>\n<\/tr>\n<tr>\n<td><\/td>\n<\/tr>\n<tr>\n<td><\/td>\n<\/tr>\n<tr>\n<td>\n<h2><span style=\"font-family: 'Arial Black';\"> <a style=\"text-decoration: none;\" title=\"Teknik Bilgi Talebi\" href=\"https:\/\/katsankimya.com\/teknik-bilgi-talebi\/\"> <strong><span style=\"color: #ff0000;\">Katgrout<\/span><\/strong><\/a><\/span><\/h2>\n<\/td>\n<\/tr>\n<tr>\n<td><\/td>\n<\/tr>\n<tr>\n<td><a style=\"text-decoration: none;\" title=\"Teknik Bilgi Talebi\" href=\"https:\/\/katsankimya.com\/teknik-bilgi-talebi\/\"><span style=\"color: #000000;\">(\u00c7imento Esasl\u0131 Tamir Harc\u0131)<\/span><\/a><\/td>\n<\/tr>\n<tr>\n<td><\/td>\n<\/tr>\n<tr>\n<td><\/td>\n<\/tr>\n<tr>\n<td>\n<h2><span style=\"font-family: 'Arial Black';\"> <a style=\"text-decoration: none;\" title=\"Teknik Bilgi Talebi\" href=\"https:\/\/katsankimya.com\/teknik-bilgi-talebi\/\"> <strong><span style=\"color: #ff0000;\">Katkol<\/span><\/strong><\/a><\/span><\/h2>\n<\/td>\n<\/tr>\n<tr>\n<td><\/td>\n<\/tr>\n<tr>\n<td><a style=\"text-decoration: none;\" title=\"Teknik Bilgi Talebi\" href=\"https:\/\/katsankimya.com\/teknik-bilgi-talebi\/\"><span style=\"color: #000000;\">(Aderans Art\u0131r\u0131c\u0131 Katk\u0131 Maddesi)<\/span><\/a><\/td>\n<\/tr>\n<tr>\n<td><\/td>\n<\/tr>\n<tr>\n<td><\/td>\n<\/tr>\n<tr>\n<td>\n<h2><span style=\"font-family: 'Arial Black';\"> <a style=\"text-decoration: none;\" title=\"Teknik Bilgi Talebi\" href=\"https:\/\/katsankimya.com\/teknik-bilgi-talebi\/\"> <strong><span style=\"color: #ff0000;\">Katk\u00fcr<\/span><\/strong><\/a><\/span><\/h2>\n<\/td>\n<\/tr>\n<tr>\n<td><a style=\"text-decoration: none;\" title=\"Teknik Bilgi Talebi\" href=\"https:\/\/katsankimya.com\/teknik-bilgi-talebi\/\"><span style=\"color: #000000;\">(Beton K\u00fcr Maddesi)<\/span><\/a><\/td>\n<\/tr>\n<\/tbody>\n<\/table>\n<p><!--:--><\/p>\n","protected":false},"excerpt":{"rendered":"<p>Katair (Hava S\u00fcr\u00fckleyici Katk\u0131 Maddesi) Katimper (Su Ge\u00e7irimsizlik Katk\u0131 Maddesi) Katform 5 (\u00c7elik Kal\u0131p Ya\u011f\u0131) Katform 1 (Ah\u015fap Kal\u0131p Ya\u011f\u0131) Katgrout (\u00c7imento Esasl\u0131 Tamir Harc\u0131) Katkol (Aderans Art\u0131r\u0131c\u0131 Katk\u0131 Maddesi) Katk\u00fcr (Beton K\u00fcr Maddesi) Katair (Hava S\u00fcr\u00fckleyici Katk\u0131 Maddesi) Katimper (Su Ge\u00e7irimsizlik Katk\u0131 Maddesi) Katform 5 (\u00c7elik Kal\u0131p Ya\u011f\u0131) Katform 1 (Ah\u015fap Kal\u0131p Ya\u011f\u0131) Katgrout [&hellip;]<\/p>\n","protected":false},"author":1,"featured_media":0,"parent":1276,"menu_order":0,"comment_status":"closed","ping_status":"closed","template":"","meta":{"footnotes":""},"_links":{"self":[{"href":"https:\/\/www.katsankimya.com.tr\/ru\/wp-json\/wp\/v2\/pages\/1292"}],"collection":[{"href":"https:\/\/www.katsankimya.com.tr\/ru\/wp-json\/wp\/v2\/pages"}],"about":[{"href":"https:\/\/www.katsankimya.com.tr\/ru\/wp-json\/wp\/v2\/types\/page"}],"author":[{"embeddable":true,"href":"https:\/\/www.katsankimya.com.tr\/ru\/wp-json\/wp\/v2\/users\/1"}],"replies":[{"embeddable":true,"href":"https:\/\/www.katsankimya.com.tr\/ru\/wp-json\/wp\/v2\/comments?post=1292"}],"version-history":[{"count":0,"href":"https:\/\/www.katsankimya.com.tr\/ru\/wp-json\/wp\/v2\/pages\/1292\/revisions"}],"up":[{"embeddable":true,"href":"https:\/\/www.katsankimya.com.tr\/ru\/wp-json\/wp\/v2\/pages\/1276"}],"wp:attachment":[{"href":"https:\/\/www.katsankimya.com.tr\/ru\/wp-json\/wp\/v2\/media?parent=1292"}],"curies":[{"name":"wp","href":"https:\/\/api.w.org\/{rel}","templated":true}]}}