{"id":1290,"date":"2014-02-11T22:40:55","date_gmt":"2014-02-11T20:40:55","guid":{"rendered":"https:\/\/www.katsankimya.com.tr.tr\/?page_id=1290"},"modified":"2014-02-11T22:40:55","modified_gmt":"2014-02-11T20:40:55","slug":"priz-hizlandiricilar","status":"publish","type":"page","link":"https:\/\/www.katsankimya.com.tr\/ru\/beton-kimyasallari-beton\/priz-hizlandiricilar\/","title":{"rendered":"Priz H\u0131zland\u0131r\u0131c\u0131lar"},"content":{"rendered":"<p><!--:tr--><\/p>\n<table style=\"border-collapse: collapse;\" width=\"100%\" border=\"0\">\n<tbody>\n<tr>\n<td><strong><a href=\"https:\/\/katsankimya.com\/teknik-bilgi-talebi\/\"><img decoding=\"async\" loading=\"lazy\" class=\"alignleft size-full wp-image-356\" title=\"Katplast_710\" alt=\"\" src=\"https:\/\/katsankimya.com\/br_icerik\/uploads\/2011\/03\/Katplast_7101.png\" width=\"150\" height=\"28\" \/><\/a><\/strong><\/td>\n<\/tr>\n<tr>\n<td><a title=\"Teknik Bilgi Talebi\" href=\"https:\/\/katsankimya.com\/teknik-bilgi-talebi\/\"> (Priz Ba\u015flang\u0131c\u0131n\u0131 H\u0131zland\u0131ran Ak\u0131\u015fkanla\u015ft\u0131r\u0131c\u0131 Katk\u0131 Maddesi)<\/a><\/td>\n<\/tr>\n<tr>\n<td height=\"20\"><\/td>\n<\/tr>\n<tr>\n<td><strong><a href=\"https:\/\/katsankimya.com\/teknik-bilgi-talebi\/\"><img decoding=\"async\" loading=\"lazy\" class=\"alignleft size-full wp-image-351\" title=\"Katplast_700\" alt=\"\" src=\"https:\/\/katsankimya.com\/br_icerik\/uploads\/2011\/03\/Katplast_700.png\" width=\"150\" height=\"28\" \/><\/a><\/strong><\/td>\n<\/tr>\n<tr>\n<td><a title=\"Teknik Bilgi Talebi\" href=\"https:\/\/katsankimya.com\/teknik-bilgi-talebi\/\"> (Priz Ba\u015flang\u0131c\u0131n\u0131 H\u0131zland\u0131ran Katk\u0131 Maddesi)<\/a><\/td>\n<\/tr>\n<\/tbody>\n<\/table>\n<p>&nbsp;<\/p>\n<p><!--:--><!--:en--><\/p>\n<table style=\"border-collapse: collapse;\" width=\"100%\" border=\"0\">\n<tbody>\n<tr>\n<td><strong><a href=\"https:\/\/katsankimya.com\/teknik-bilgi-talebi\/\"><img decoding=\"async\" loading=\"lazy\" class=\"alignleft size-full wp-image-356\" title=\"Katplast_710\" alt=\"\" src=\"https:\/\/katsankimya.com\/br_icerik\/uploads\/2011\/03\/Katplast_7101.png\" width=\"150\" height=\"28\" \/><\/a><\/strong><\/td>\n<\/tr>\n<tr>\n<td><a title=\"Teknik Bilgi Talebi\" href=\"https:\/\/katsankimya.com\/teknik-bilgi-talebi\/\"> (Priz Ba\u015flang\u0131c\u0131n\u0131 H\u0131zland\u0131ran Ak\u0131\u015fkanla\u015ft\u0131r\u0131c\u0131 Katk\u0131 Maddesi)<\/a><\/td>\n<\/tr>\n<tr>\n<td height=\"20\"><\/td>\n<\/tr>\n<tr>\n<td><strong><a href=\"https:\/\/katsankimya.com\/teknik-bilgi-talebi\/\"><img decoding=\"async\" loading=\"lazy\" class=\"alignleft size-full wp-image-351\" title=\"Katplast_700\" alt=\"\" src=\"https:\/\/katsankimya.com\/br_icerik\/uploads\/2011\/03\/Katplast_700.png\" width=\"150\" height=\"28\" \/><\/a><\/strong><\/td>\n<\/tr>\n<tr>\n<td><a title=\"Teknik Bilgi Talebi\" href=\"https:\/\/katsankimya.com\/teknik-bilgi-talebi\/\"> (Priz Ba\u015flang\u0131c\u0131n\u0131 H\u0131zland\u0131ran Katk\u0131 Maddesi)<\/a><\/td>\n<\/tr>\n<\/tbody>\n<\/table>\n<p>&nbsp;<\/p>\n<p><!--:--><!--:ru--><\/p>\n<table style=\"border-collapse: collapse;\" width=\"100%\" border=\"0\">\n<tbody>\n<tr>\n<td><strong><a href=\"https:\/\/katsankimya.com\/teknik-bilgi-talebi\/\"><img decoding=\"async\" loading=\"lazy\" class=\"alignleft size-full wp-image-356\" title=\"Katplast_710\" alt=\"\" src=\"https:\/\/katsankimya.com\/br_icerik\/uploads\/2011\/03\/Katplast_7101.png\" width=\"150\" height=\"28\" \/><\/a><\/strong><\/td>\n<\/tr>\n<tr>\n<td><a title=\"Teknik Bilgi Talebi\" href=\"https:\/\/katsankimya.com\/teknik-bilgi-talebi\/\"> (Priz Ba\u015flang\u0131c\u0131n\u0131 H\u0131zland\u0131ran Ak\u0131\u015fkanla\u015ft\u0131r\u0131c\u0131 Katk\u0131 Maddesi)<\/a><\/td>\n<\/tr>\n<tr>\n<td height=\"20\"><\/td>\n<\/tr>\n<tr>\n<td><strong><a href=\"https:\/\/katsankimya.com\/teknik-bilgi-talebi\/\"><img decoding=\"async\" loading=\"lazy\" class=\"alignleft size-full wp-image-351\" title=\"Katplast_700\" alt=\"\" src=\"https:\/\/katsankimya.com\/br_icerik\/uploads\/2011\/03\/Katplast_700.png\" width=\"150\" height=\"28\" \/><\/a><\/strong><\/td>\n<\/tr>\n<tr>\n<td><a title=\"Teknik Bilgi Talebi\" href=\"https:\/\/katsankimya.com\/teknik-bilgi-talebi\/\"> (Priz Ba\u015flang\u0131c\u0131n\u0131 H\u0131zland\u0131ran Katk\u0131 Maddesi)<\/a><\/td>\n<\/tr>\n<\/tbody>\n<\/table>\n<p>&nbsp;<\/p>\n<p><!--:--><\/p>\n","protected":false},"excerpt":{"rendered":"<p>(Priz Ba\u015flang\u0131c\u0131n\u0131 H\u0131zland\u0131ran Ak\u0131\u015fkanla\u015ft\u0131r\u0131c\u0131 Katk\u0131 Maddesi) (Priz Ba\u015flang\u0131c\u0131n\u0131 H\u0131zland\u0131ran Katk\u0131 Maddesi) &nbsp; (Priz Ba\u015flang\u0131c\u0131n\u0131 H\u0131zland\u0131ran Ak\u0131\u015fkanla\u015ft\u0131r\u0131c\u0131 Katk\u0131 Maddesi) (Priz Ba\u015flang\u0131c\u0131n\u0131 H\u0131zland\u0131ran Katk\u0131 Maddesi) &nbsp; (Priz Ba\u015flang\u0131c\u0131n\u0131 H\u0131zland\u0131ran Ak\u0131\u015fkanla\u015ft\u0131r\u0131c\u0131 Katk\u0131 Maddesi) (Priz Ba\u015flang\u0131c\u0131n\u0131 H\u0131zland\u0131ran Katk\u0131 Maddesi) &nbsp;<\/p>\n","protected":false},"author":1,"featured_media":0,"parent":1276,"menu_order":0,"comment_status":"closed","ping_status":"closed","template":"","meta":{"footnotes":""},"_links":{"self":[{"href":"https:\/\/www.katsankimya.com.tr\/ru\/wp-json\/wp\/v2\/pages\/1290"}],"collection":[{"href":"https:\/\/www.katsankimya.com.tr\/ru\/wp-json\/wp\/v2\/pages"}],"about":[{"href":"https:\/\/www.katsankimya.com.tr\/ru\/wp-json\/wp\/v2\/types\/page"}],"author":[{"embeddable":true,"href":"https:\/\/www.katsankimya.com.tr\/ru\/wp-json\/wp\/v2\/users\/1"}],"replies":[{"embeddable":true,"href":"https:\/\/www.katsankimya.com.tr\/ru\/wp-json\/wp\/v2\/comments?post=1290"}],"version-history":[{"count":0,"href":"https:\/\/www.katsankimya.com.tr\/ru\/wp-json\/wp\/v2\/pages\/1290\/revisions"}],"up":[{"embeddable":true,"href":"https:\/\/www.katsankimya.com.tr\/ru\/wp-json\/wp\/v2\/pages\/1276"}],"wp:attachment":[{"href":"https:\/\/www.katsankimya.com.tr\/ru\/wp-json\/wp\/v2\/media?parent=1290"}],"curies":[{"name":"wp","href":"https:\/\/api.w.org\/{rel}","templated":true}]}}