{"id":1288,"date":"2014-02-11T22:40:15","date_gmt":"2014-02-11T20:40:15","guid":{"rendered":"https:\/\/www.katsankimya.com.tr.tr\/?page_id=1288"},"modified":"2014-02-11T22:40:15","modified_gmt":"2014-02-11T20:40:15","slug":"priz-geciktiriciler","status":"publish","type":"page","link":"https:\/\/www.katsankimya.com.tr\/ru\/beton-kimyasallari-beton\/priz-geciktiriciler\/","title":{"rendered":"Priz Geciktiriciler"},"content":{"rendered":"<p><!--:tr--><\/p>\n<table style=\"border-collapse: collapse;\" width=\"100%\" border=\"0\">\n<tbody>\n<tr>\n<td><span style=\"font-family: 'Arial Black'; font-size: medium;\"><strong><span style=\"color: #ff0000;\">KATPLAST<\/span> <\/strong><\/span><strong><span style=\"font-family: Arial Black; font-size: medium;\">820<\/span><\/strong><\/td>\n<\/tr>\n<tr>\n<td><a title=\"Teknik Bilgi Talebi\" href=\"https:\/\/katsankimya.com\/teknik-bilgi-talebi\/\">(Modifiye Lignos\u00fclfonat Esasl\u0131 Priz Geciktirici-Ak\u0131\u015fkanla\u015ft\u0131r\u0131c\u0131 Katk\u0131 Maddesi)<\/a><\/td>\n<\/tr>\n<tr>\n<td height=\"20\"><\/td>\n<\/tr>\n<tr>\n<td><span style=\"font-family: 'Arial Black'; font-size: medium;\"><strong><span style=\"color: #ff0000;\">KATPLAST <\/span>800<\/strong><\/span><\/td>\n<\/tr>\n<tr>\n<td><a title=\"Teknik Bilgi Talebi\" href=\"https:\/\/katsankimya.com\/teknik-bilgi-talebi\/\">(Glukonat Esasl\u0131 Priz Geciktirici Katk\u0131 Maddesi)<\/a><\/td>\n<\/tr>\n<\/tbody>\n<\/table>\n<p><!--:--><\/p>\n","protected":false},"excerpt":{"rendered":"<p>KATPLAST 820 (Modifiye Lignos\u00fclfonat Esasl\u0131 Priz Geciktirici-Ak\u0131\u015fkanla\u015ft\u0131r\u0131c\u0131 Katk\u0131 Maddesi) KATPLAST 800 (Glukonat Esasl\u0131 Priz Geciktirici Katk\u0131 Maddesi)<\/p>\n","protected":false},"author":1,"featured_media":0,"parent":1276,"menu_order":0,"comment_status":"closed","ping_status":"closed","template":"","meta":{"footnotes":""},"_links":{"self":[{"href":"https:\/\/www.katsankimya.com.tr\/ru\/wp-json\/wp\/v2\/pages\/1288"}],"collection":[{"href":"https:\/\/www.katsankimya.com.tr\/ru\/wp-json\/wp\/v2\/pages"}],"about":[{"href":"https:\/\/www.katsankimya.com.tr\/ru\/wp-json\/wp\/v2\/types\/page"}],"author":[{"embeddable":true,"href":"https:\/\/www.katsankimya.com.tr\/ru\/wp-json\/wp\/v2\/users\/1"}],"replies":[{"embeddable":true,"href":"https:\/\/www.katsankimya.com.tr\/ru\/wp-json\/wp\/v2\/comments?post=1288"}],"version-history":[{"count":0,"href":"https:\/\/www.katsankimya.com.tr\/ru\/wp-json\/wp\/v2\/pages\/1288\/revisions"}],"up":[{"embeddable":true,"href":"https:\/\/www.katsankimya.com.tr\/ru\/wp-json\/wp\/v2\/pages\/1276"}],"wp:attachment":[{"href":"https:\/\/www.katsankimya.com.tr\/ru\/wp-json\/wp\/v2\/media?parent=1288"}],"curies":[{"name":"wp","href":"https:\/\/api.w.org\/{rel}","templated":true}]}}