{"id":1286,"date":"2014-02-11T22:39:11","date_gmt":"2014-02-11T20:39:11","guid":{"rendered":"https:\/\/www.katsankimya.com.tr.tr\/?page_id=1286"},"modified":"2014-02-11T22:39:11","modified_gmt":"2014-02-11T20:39:11","slug":"akiskanlastiricilar","status":"publish","type":"page","link":"https:\/\/www.katsankimya.com.tr\/ru\/beton-kimyasallari-beton\/akiskanlastiricilar\/","title":{"rendered":"Ak\u0131\u015fkanla\u015ft\u0131r\u0131c\u0131lar"},"content":{"rendered":"<table border=\"0\" width=\"100%\">\n<tbody>\n<tr>\n<td><strong>KATPLAST 850<\/strong><\/td>\n<\/tr>\n<tr>\n<td><a title=\"Teknik Bilgi Talebi\" href=\"https:\/\/katsankimya.com\/teknik-bilgi-talebi\/\">(Lignos\u00fclfonat Easl\u0131 Su\/\u00c7imento Oran\u0131n\u0131 D\u00fc\u015f\u00fcren Ortaak\u0131\u015fkanla\u015ft\u0131r\u0131c\u0131 Katk\u0131 Maddesi)<\/a><\/td>\n<\/tr>\n<tr>\n<td height=\"20\"><\/td>\n<\/tr>\n<tr>\n<td><strong>KATPLAST 840<\/strong><\/td>\n<\/tr>\n<tr>\n<td><a title=\"Teknik Bilgi Talebi\" href=\"https:\/\/katsankimya.com\/teknik-bilgi-talebi\/\">(Lignos\u00fclfonat Easl\u0131 Su\/\u00c7imento Oran\u0131n\u0131 D\u00fc\u015f\u00fcren Ak\u0131\u015fkanla\u015ft\u0131r\u0131c\u0131katk\u0131 Maddesi)<\/a><\/td>\n<\/tr>\n<tr>\n<td height=\"20\"><\/td>\n<\/tr>\n<tr>\n<td><strong>KATPLAST 830<\/strong><\/td>\n<\/tr>\n<tr>\n<td><a title=\"Teknik Bilgi Talebi\" href=\"https:\/\/katsankimya.com\/teknik-bilgi-talebi\/\">( Modifiye Lignos\u00fclfonat Easl\u0131 Ak\u0131\u015fkanla\u015ft\u0131r\u0131c\u0131katk\u0131 Maddesi)<\/a><\/td>\n<\/tr>\n<tr>\n<td height=\"20\"><\/td>\n<\/tr>\n<\/tbody>\n<\/table>\n","protected":false},"excerpt":{"rendered":"<p>KATPLAST 850 (Lignos\u00fclfonat Easl\u0131 Su\/\u00c7imento Oran\u0131n\u0131 D\u00fc\u015f\u00fcren Ortaak\u0131\u015fkanla\u015ft\u0131r\u0131c\u0131 Katk\u0131 Maddesi) KATPLAST 840 (Lignos\u00fclfonat Easl\u0131 Su\/\u00c7imento Oran\u0131n\u0131 D\u00fc\u015f\u00fcren Ak\u0131\u015fkanla\u015ft\u0131r\u0131c\u0131katk\u0131 Maddesi) KATPLAST 830 ( Modifiye Lignos\u00fclfonat Easl\u0131 Ak\u0131\u015fkanla\u015ft\u0131r\u0131c\u0131katk\u0131 Maddesi)<\/p>\n","protected":false},"author":1,"featured_media":0,"parent":1276,"menu_order":0,"comment_status":"closed","ping_status":"closed","template":"","meta":{"footnotes":""},"_links":{"self":[{"href":"https:\/\/www.katsankimya.com.tr\/ru\/wp-json\/wp\/v2\/pages\/1286"}],"collection":[{"href":"https:\/\/www.katsankimya.com.tr\/ru\/wp-json\/wp\/v2\/pages"}],"about":[{"href":"https:\/\/www.katsankimya.com.tr\/ru\/wp-json\/wp\/v2\/types\/page"}],"author":[{"embeddable":true,"href":"https:\/\/www.katsankimya.com.tr\/ru\/wp-json\/wp\/v2\/users\/1"}],"replies":[{"embeddable":true,"href":"https:\/\/www.katsankimya.com.tr\/ru\/wp-json\/wp\/v2\/comments?post=1286"}],"version-history":[{"count":0,"href":"https:\/\/www.katsankimya.com.tr\/ru\/wp-json\/wp\/v2\/pages\/1286\/revisions"}],"up":[{"embeddable":true,"href":"https:\/\/www.katsankimya.com.tr\/ru\/wp-json\/wp\/v2\/pages\/1276"}],"wp:attachment":[{"href":"https:\/\/www.katsankimya.com.tr\/ru\/wp-json\/wp\/v2\/media?parent=1286"}],"curies":[{"name":"wp","href":"https:\/\/api.w.org\/{rel}","templated":true}]}}