{"id":1279,"date":"2014-02-11T22:33:36","date_gmt":"2014-02-11T20:33:36","guid":{"rendered":"https:\/\/www.katsankimya.com.tr.tr\/?page_id=1279"},"modified":"2014-02-11T22:33:36","modified_gmt":"2014-02-11T20:33:36","slug":"hiperakiskanlastiricilar","status":"publish","type":"page","link":"https:\/\/www.katsankimya.com.tr\/ru\/beton-kimyasallari-beton\/hiperakiskanlastiricilar\/","title":{"rendered":"Hiperak\u0131\u015fkanla\u015ft\u0131r\u0131c\u0131lar"},"content":{"rendered":"<p><!--:tr--><\/p>\n<table style=\"border-collapse: collapse;\" width=\"100%\" border=\"0\">\n<tbody>\n<tr>\n<td><span style=\"font-family: 'Arial Black'; font-size: medium;\"><strong><span style=\"color: #e20309;\">KATPLAST<\/span> <\/strong><\/span><strong><span style=\"font-family: Arial Black; font-size: medium;\">965<\/span><\/strong><\/td>\n<\/tr>\n<tr>\n<td><a title=\"Teknik Bilgi Talebi\" href=\"https:\/\/katsankimya.com\/teknik-bilgi-talebi\/\"><br \/>\n(Polikarboksilik Esasl\u0131 K\u0131vam Kayb\u0131n\u0131 Azaltan Hiperak\u0131\u015fkanla\u015ft\u0131r\u0131c\u0131 Katk\u0131 Maddesi)<\/a><\/td>\n<\/tr>\n<tr>\n<td><span style=\"font-family: 'Arial Black'; font-size: medium;\"><strong><br \/>\n<span style=\"color: #e20309;\">KATPLAST<\/span> <\/strong><\/span><strong><span style=\"font-family: Arial Black; font-size: medium;\">960<\/span><\/strong><\/td>\n<\/tr>\n<tr>\n<td><a title=\"Teknik Bilgi Talebi\" href=\"https:\/\/katsankimya.com\/teknik-bilgi-talebi\/\">( Polikarboksilik Esasl\u0131 Y\u00fcksekoranda Suazaltan Erken Ve Son Mukavet Art\u0131r\u0131c\u0131\u00a0 Hiperak\u0131\u015fkanla\u015ft\u0131r\u0131c\u0131 Katk\u0131 Maddesi)<\/a><\/td>\n<\/tr>\n<\/tbody>\n<\/table>\n<p><!--:--><\/p>\n","protected":false},"excerpt":{"rendered":"<p>KATPLAST 965 (Polikarboksilik Esasl\u0131 K\u0131vam Kayb\u0131n\u0131 Azaltan Hiperak\u0131\u015fkanla\u015ft\u0131r\u0131c\u0131 Katk\u0131 Maddesi) KATPLAST 960 ( Polikarboksilik Esasl\u0131 Y\u00fcksekoranda Suazaltan Erken Ve Son Mukavet Art\u0131r\u0131c\u0131\u00a0 Hiperak\u0131\u015fkanla\u015ft\u0131r\u0131c\u0131 Katk\u0131 Maddesi)<\/p>\n","protected":false},"author":1,"featured_media":0,"parent":1276,"menu_order":0,"comment_status":"closed","ping_status":"closed","template":"","meta":{"footnotes":""},"_links":{"self":[{"href":"https:\/\/www.katsankimya.com.tr\/ru\/wp-json\/wp\/v2\/pages\/1279"}],"collection":[{"href":"https:\/\/www.katsankimya.com.tr\/ru\/wp-json\/wp\/v2\/pages"}],"about":[{"href":"https:\/\/www.katsankimya.com.tr\/ru\/wp-json\/wp\/v2\/types\/page"}],"author":[{"embeddable":true,"href":"https:\/\/www.katsankimya.com.tr\/ru\/wp-json\/wp\/v2\/users\/1"}],"replies":[{"embeddable":true,"href":"https:\/\/www.katsankimya.com.tr\/ru\/wp-json\/wp\/v2\/comments?post=1279"}],"version-history":[{"count":0,"href":"https:\/\/www.katsankimya.com.tr\/ru\/wp-json\/wp\/v2\/pages\/1279\/revisions"}],"up":[{"embeddable":true,"href":"https:\/\/www.katsankimya.com.tr\/ru\/wp-json\/wp\/v2\/pages\/1276"}],"wp:attachment":[{"href":"https:\/\/www.katsankimya.com.tr\/ru\/wp-json\/wp\/v2\/media?parent=1279"}],"curies":[{"name":"wp","href":"https:\/\/api.w.org\/{rel}","templated":true}]}}