{"id":7,"date":"2023-10-26T14:22:43","date_gmt":"2023-10-26T14:22:43","guid":{"rendered":"https:\/\/katplast.com\/?page_id=7"},"modified":"2023-10-26T14:43:38","modified_gmt":"2023-10-26T14:43:38","slug":"ana-sayfa","status":"publish","type":"page","link":"https:\/\/www.katsankimya.com.tr\/en\/ana-sayfa\/","title":{"rendered":"Ana sayfa"},"content":{"rendered":"\r\n<div class=\"wp-block-cover alignfull is-light is-layout-flow wp-block-cover-is-layout-flow\" style=\"min-height: 700px;\"><img decoding=\"async\" class=\"wp-block-cover__image-background\" style=\"object-position: 50% 64%;\" src=\"https:\/\/www.katsankimya.com.tr\/wp-content\/themes\/neve\/assets\/img\/starter-content\/hero.jpg\" alt=\"\" data-object-fit=\"cover\" data-object-position=\"50% 64%\" \/>\r\n<div class=\"wp-block-cover__inner-container\">\r\n<div class=\"wp-block-spacer\" style=\"height: 80px;\" aria-hidden=\"true\">\u00a0<\/div>\r\n<h1 class=\"has-text-align-center has-text-color\" style=\"color: #121212;\"><em>G\u00fcven ve Kaliteye<\/em><\/h1>\r\n<h1 class=\"has-text-align-center has-text-color\" style=\"color: #121212;\"><em>\u0130mza Atan Marka<\/em><\/h1>\r\n<\/div>\r\n<\/div>\r\n\r\n\r\n\r\n<div class=\"wp-block-spacer\" style=\"height: 80px;\" aria-hidden=\"true\">\u00a0<\/div>\r\n\r\n\r\n\r\n<div class=\"wp-block-columns is-layout-flex wp-container-5 wp-block-columns-is-layout-flex\">\r\n<div class=\"wp-block-column is-layout-flow wp-block-column-is-layout-flow\">\r\n<div class=\"wp-block-image icon-style is-style-default\">\r\n<figure class=\"aligncenter is-resized\"><img decoding=\"async\" loading=\"lazy\" src=\"https:\/\/www.katsankimya.com.tr\/wp-content\/themes\/neve\/assets\/img\/starter-content\/icon-03.svg\" alt=\"\" width=\"48\" height=\"48\" \/><\/figure>\r\n<\/div>\r\n\r\n\r\n\r\n<div class=\"wp-block-spacer\" style=\"height: 20px;\" aria-hidden=\"true\">\u00a0<\/div>\r\n\r\n\r\n\r\n<h2 class=\"vc_custom_heading wp-block-heading\"><strong>Biz<\/strong>\u00a0Kimiz<\/h2>\r\n\r\n\r\n\r\n<p>Katsan Kimya San. ve Tic. A.\u015e.<br \/>Yap\u0131 kimyasallar\u0131 alan\u0131nda 1992 y\u0131l\u0131ndan bu yana \u00fcretim ve pazarlama faaliyetlerinde bulunan bir T\u00fcrk \u015firketidir.<\/p>\r\n<p>\u00dcretim alan\u0131na giren yap\u0131 kimyasallar\u0131 konusunda g\u00fcn\u00fcm\u00fcz\u00fcn en son teknolojik gereklerine uygun olarak kurulmu\u015f laboratuvarlar\u0131nda m\u00fc\u015fterilerinin de\u011fi\u015fken taleplerini kar\u015f\u0131lamak amac\u0131yla her g\u00fcn daha yo\u011fun olarak ara\u015ft\u0131rma ve geli\u015ftirme \u00e7al\u0131\u015fmalar\u0131n\u0131 s\u00fcrd\u00fcrmektedir.<\/p>\r\n\r\n\r\n\r\n<div class=\"wp-block-spacer\" style=\"height: 20px;\" aria-hidden=\"true\">\u00a0<\/div>\r\n<\/div>\r\n\r\n\r\n\r\n<div class=\"wp-block-column is-layout-flow wp-block-column-is-layout-flow\">\r\n<div class=\"wp-block-image icon-style is-style-default\">\r\n<figure class=\"aligncenter is-resized\"><img decoding=\"async\" loading=\"lazy\" src=\"https:\/\/www.katsankimya.com.tr\/wp-content\/themes\/neve\/assets\/img\/starter-content\/icon-02.svg\" alt=\"\" width=\"48\" height=\"48\" \/><\/figure>\r\n<\/div>\r\n\r\n\r\n\r\n<div class=\"wp-block-spacer\" style=\"height: 20px;\" aria-hidden=\"true\">\u00a0<\/div>\r\n\r\n\r\n\r\n<h2 class=\"vc_custom_heading wp-block-heading\"><strong>Ne<\/strong>\u00a0Yapar\u0131z<\/h2>\r\n\r\n\r\n\r\n<p>Uluslararas\u0131 Standartlara uygunlu\u011fu belgelenmi\u015f\u00a0<strong>KATPLAST<\/strong>\u00a0ticari markas\u0131 \u00fcr\u00fcnleri ile T\u00fcrk yap\u0131 sekt\u00f6r\u00fcne hizmet etmenin yan\u0131 s\u0131ra, uluslararas\u0131 pazarlarda da yer almay\u0131 hedef olarak benimsemi\u015f olan\u00a0<strong>Katsan Kimya<\/strong>\u00a02000 y\u0131l\u0131ndan itibaren de bu hedefine uygun olarak faaliyetlerine h\u0131z vermi\u015ftir.<\/p>\r\n<p>Yap\u0131 sekt\u00f6r\u00fcn\u00fcn temel ta\u015flar\u0131ndan \u00e7imento ve beton end\u00fcstrisine y\u00f6nelik \u00fcr\u00fcnlerinin haricinde, \u00f6zellikle yap\u0131larda enerji tasarrufunun ve \u00e7evre korumac\u0131 etkinliklerin \u00f6nem kazand\u0131\u011f\u0131 g\u00fcn\u00fcm\u00fcz\u00fcn ihtiya\u00e7lar\u0131na y\u00f6nelik iki bile\u015fenli poli\u00fcretan, polis\u00fclfid, cephe yap\u0131\u015ft\u0131rma ve dolgu ama\u00e7l\u0131 silikon esasl\u0131 macunlar, butil, hotmelt ve nem al\u0131c\u0131 gibi y\u00fcksek kaliteli \u00fcr\u00fcnler ile de hem yal\u0131t\u0131ml\u0131 cam hem de silikon cephe \u00fcreticilerine hizmet etmektedir.<\/p>\r\n<p><strong>Katsan Kimya<\/strong>, \u00fcretmekte oldu\u011fu uluslararas\u0131 kalite normlar\u0131na uygun \u00fcr\u00fcnlerini pazarlarken deneyimli teknik kadrosu ile toplam servis ve sat\u0131\u015f sonras\u0131 eksiksiz destek gereklili\u011fini hi\u00e7bir zaman g\u00f6z ard\u0131 etmemektedir.<\/p>\r\n<p>Bu ama\u00e7la kalite hedeflerini belirlemi\u015f olup, bu do\u011frultuda \u00fcr\u00fcn ve hizmet \u00fcretilmesine azami \u00f6zen g\u00f6stermektedir.<\/p>\r\n\r\n\r\n\r\n<div class=\"wp-block-spacer\" style=\"height: 20px;\" aria-hidden=\"true\">\u00a0<\/div>\r\n<\/div>\r\n\r\n\r\n\r\n<div class=\"wp-block-column is-layout-flow wp-block-column-is-layout-flow\">\r\n<div class=\"wp-block-image icon-style is-style-rounded\">\r\n<figure class=\"aligncenter is-resized\"><img decoding=\"async\" loading=\"lazy\" src=\"https:\/\/www.katsankimya.com.tr\/wp-content\/themes\/neve\/assets\/img\/starter-content\/icon-01.svg\" alt=\"\" width=\"48\" height=\"48\" \/><\/figure>\r\n<\/div>\r\n\r\n\r\n\r\n<div class=\"wp-block-spacer\" style=\"height: 20px;\" aria-hidden=\"true\">\u00a0<\/div>\r\n\r\n\r\n\r\n<h2 class=\"vc_custom_heading wp-block-heading\"><strong>Neden<\/strong>\u00a0Biz<\/h2>\r\n\r\n\r\n\r\n<p><strong>Katsan Kimya<\/strong>, \u00fcst d\u00fczey m\u00fc\u015fteri memnuniyetini sa\u011flayacak kalite kriterleri \u00e7er\u00e7evesinde y\u00fcksek kaliteli \u00fcr\u00fcnler \u00fcretmeyi hedeflemi\u015ftir.<\/p>\r\n<p>Gerek \u00fcretim s\u00fcre\u00e7lerimizde gerekse de \u00fcr\u00fcnlerimizde insan ve \u00e7evre sa\u011fl\u0131\u011f\u0131na duyarl\u0131l\u0131k, en \u00f6nem verdi\u011fimiz konulardan biridir. \u00dcretiminde en yeni teknolojik ekipman ve tekniklerin kullan\u0131ld\u0131\u011f\u0131 Katplast marka \u00fcr\u00fcnlerimizde uygulanan etkin \u00fcretim ve kalite kontrol s\u00fcre\u00e7leri, \u00fcr\u00fcnlerimizin en y\u00fcksek kalitede olmas\u0131na yard\u0131mc\u0131 olmaktad\u0131r.<\/p>\r\n\r\n\r\n\r\n<div class=\"wp-block-spacer\" style=\"height: 20px;\" aria-hidden=\"true\">\u00a0<\/div>\r\n<\/div>\r\n<\/div>\r\n\r\n\r\n\r\n<div class=\"wp-block-spacer\" style=\"height: 80px;\" aria-hidden=\"true\">\u00a0<\/div>\r\n\r\n\r\n\r\n<div class=\"wp-block-cover alignfull has-nv-light-bg-background-color has-background-dim\" style=\"min-height: 600px;\">\r\n<div class=\"wp-block-cover__inner-container is-layout-flow wp-block-cover-is-layout-flow\">\r\n<div class=\"wp-block-group\">\r\n<div class=\"wp-block-group__inner-container is-layout-flow wp-block-group-is-layout-flow\">\r\n<div class=\"wp-block-spacer\" style=\"height: 80px;\" aria-hidden=\"true\">\u00a0<\/div>\r\n\r\n\r\n\r\n<div class=\"wp-block-columns are-vertically-aligned-center is-layout-flex wp-container-9 wp-block-columns-is-layout-flex\">\r\n<div class=\"wp-block-column is-vertically-aligned-center is-layout-flow wp-block-column-is-layout-flow\" style=\"flex-basis: 50%;\">\r\n<figure class=\"wp-block-image\"><img decoding=\"async\" src=\"https:\/\/www.katsankimya.com.tr\/wp-content\/themes\/neve\/assets\/img\/starter-content\/card-05.jpg\" alt=\"\" \/><\/figure>\r\n<\/div>\r\n\r\n\r\n\r\n<div class=\"wp-block-column is-vertically-aligned-center is-layout-flow wp-block-column-is-layout-flow\" style=\"flex-basis: 50%;\">\r\n<div class=\"wp-block-spacer\" style=\"height: 20px;\" aria-hidden=\"true\">\u00a0<\/div>\r\n\r\n\r\n\r\n<h2 class=\"has-text-align-left has-neve-text-color-color has-text-color wp-block-heading\">Web Design<\/h2>\r\n\r\n\r\n\r\n<p class=\"has-text-align-left has-neve-text-color-color has-text-color\" style=\"font-size: 17px;\">Lorem ipsum dolor sit amet, consectetur adipiscing elit. Ut elit tellus, luctus nec ullamcorper mattis, pulvinar dapibus leo.<\/p>\r\n\r\n\r\n\r\n<div class=\"wp-block-buttons alignleft is-layout-flex wp-block-buttons-is-layout-flex\">\r\n<div class=\"wp-block-button is-style-primary\"><a class=\"wp-block-button__link\" href=\"#\">LEARN MORE<\/a><\/div>\r\n<\/div>\r\n<\/div>\r\n<\/div>\r\n\r\n\r\n\r\n<div class=\"wp-block-spacer\" style=\"height: 40px;\" aria-hidden=\"true\">\u00a0<\/div>\r\n<\/div>\r\n<\/div>\r\n<\/div>\r\n<\/div>\r\n\r\n\r\n\r\n<div class=\"wp-block-cover alignfull has-nv-site-bg-background-color has-background-dim\" style=\"min-height: 600px;\">\r\n<div class=\"wp-block-cover__inner-container is-layout-flow wp-block-cover-is-layout-flow\">\r\n<div class=\"wp-block-group\">\r\n<div class=\"wp-block-group__inner-container is-layout-flow wp-block-group-is-layout-flow\">\r\n<div class=\"wp-block-spacer\" style=\"height: 80px;\" aria-hidden=\"true\">\u00a0<\/div>\r\n\r\n\r\n\r\n<div class=\"wp-block-columns are-vertically-aligned-center is-layout-flex wp-container-15 wp-block-columns-is-layout-flex\">\r\n<div class=\"wp-block-column is-vertically-aligned-center is-layout-flow wp-block-column-is-layout-flow\" style=\"flex-basis: 50%;\">\r\n<h2 class=\"has-text-align-left has-neve-text-color-color has-text-color wp-block-heading\">Branding<\/h2>\r\n\r\n\r\n\r\n<p class=\"has-text-align-left has-neve-text-color-color has-text-color\" style=\"font-size: 17px;\">Lorem ipsum dolor sit amet, consectetur adipiscing elit. Ut elit tellus, luctus nec ullamcorper mattis, pulvinar dapibus leo.<\/p>\r\n\r\n\r\n\r\n<div class=\"wp-block-buttons alignleft is-layout-flex wp-block-buttons-is-layout-flex\">\r\n<div class=\"wp-block-button is-style-primary\"><a class=\"wp-block-button__link\" href=\"#\">LEARN MORE<\/a><\/div>\r\n<\/div>\r\n\r\n\r\n\r\n<div class=\"wp-block-spacer\" style=\"height: 40px;\" aria-hidden=\"true\">\u00a0<\/div>\r\n<\/div>\r\n\r\n\r\n\r\n<div class=\"wp-block-column is-vertically-aligned-center is-layout-flow wp-block-column-is-layout-flow\" style=\"flex-basis: 50%;\">\r\n<figure class=\"wp-block-image \"><img decoding=\"async\" src=\"https:\/\/www.katsankimya.com.tr\/wp-content\/themes\/neve\/assets\/img\/starter-content\/card-04.jpg\" alt=\"\" \/><\/figure>\r\n<\/div>\r\n<\/div>\r\n\r\n\r\n\r\n<div class=\"wp-block-spacer\" style=\"height: 40px;\" aria-hidden=\"true\">\u00a0<\/div>\r\n<\/div>\r\n<\/div>\r\n<\/div>\r\n<\/div>\r\n\r\n\r\n\r\n<div class=\"wp-block-cover alignfull has-nv-dark-bg-background-color has-background-dim\" style=\"min-height: 600px;\">\r\n<div class=\"wp-block-cover__inner-container is-layout-flow wp-block-cover-is-layout-flow\">\r\n<div class=\"wp-block-group\">\r\n<div class=\"wp-block-group__inner-container is-layout-flow wp-block-group-is-layout-flow\">\r\n<div class=\"wp-block-spacer\" style=\"height: 80px;\" aria-hidden=\"true\">\u00a0<\/div>\r\n\r\n\r\n\r\n<div class=\"wp-block-columns are-vertically-aligned-center is-layout-flex wp-container-21 wp-block-columns-is-layout-flex\">\r\n<div class=\"wp-block-column is-vertically-aligned-center is-layout-flow wp-block-column-is-layout-flow\" style=\"flex-basis: 50%;\">\r\n<figure class=\"wp-block-image \"><img decoding=\"async\" src=\"https:\/\/www.katsankimya.com.tr\/wp-content\/themes\/neve\/assets\/img\/starter-content\/card-03.jpg\" alt=\"\" \/><\/figure>\r\n<\/div>\r\n\r\n\r\n\r\n<div class=\"wp-block-column is-vertically-aligned-center is-layout-flow wp-block-column-is-layout-flow\" style=\"flex-basis: 50%;\">\r\n<div class=\"wp-block-spacer\" style=\"height: 40px;\" aria-hidden=\"true\">\u00a0<\/div>\r\n\r\n\r\n\r\n<h2 class=\"has-text-align-left has-nv-text-dark-bg-color has-text-color wp-block-heading\">We are driven by values<\/h2>\r\n\r\n\r\n\r\n<p class=\"has-text-align-left has-nv-text-dark-bg-color has-text-color\" style=\"font-size: 17px;\">Lorem ipsum dolor sit amet, consectetur adipiscing elit. Ut elit tellus, luctus nec ullamcorper mattis, pulvinar dapibus leo.<\/p>\r\n\r\n\r\n\r\n<div class=\"wp-block-buttons alignleft is-layout-flex wp-block-buttons-is-layout-flex\">\r\n<div class=\"wp-block-button is-style-primary\"><a class=\"wp-block-button__link\" href=\"#\">LEARN MORE<\/a><\/div>\r\n<\/div>\r\n<\/div>\r\n<\/div>\r\n\r\n\r\n\r\n<div class=\"wp-block-spacer\" style=\"height: 40px;\" aria-hidden=\"true\">\u00a0<\/div>\r\n<\/div>\r\n<\/div>\r\n<\/div>\r\n<\/div>\r\n\r\n\r\n\r\n<div class=\"wp-block-spacer\" style=\"height: 40px;\" aria-hidden=\"true\">\u00a0<\/div>\r\n\r\n\r\n\r\n<div class=\"wp-block-cover alignfull has-nv-site-bg-background-color has-background-dim\" style=\"min-height: 600px;\">\r\n<div class=\"wp-block-cover__inner-container is-layout-flow wp-block-cover-is-layout-flow\">\r\n<div class=\"wp-block-group\">\r\n<div class=\"wp-block-group__inner-container is-layout-flow wp-block-group-is-layout-flow\">\r\n<div class=\"wp-block-spacer\" style=\"height: 80px;\" aria-hidden=\"true\">\u00a0<\/div>\r\n\r\n\r\n\r\n<h2 class=\"has-neve-text-color-color has-text-color wp-block-heading\">Featured Work<\/h2>\r\n\r\n\r\n\r\n<div class=\"wp-block-spacer\" style=\"height: 20px;\" aria-hidden=\"true\">\u00a0<\/div>\r\n\r\n\r\n\r\n<div class=\"wp-block-columns are-vertically-aligned-center is-layout-flex wp-container-26 wp-block-columns-is-layout-flex\">\r\n<div class=\"wp-block-column is-vertically-aligned-center is-layout-flow wp-block-column-is-layout-flow\" style=\"flex-basis: 50%;\">\r\n<figure class=\"wp-block-image\"><a href=\"#\"><img decoding=\"async\" src=\"https:\/\/www.katsankimya.com.tr\/wp-content\/themes\/neve\/assets\/img\/starter-content\/card-02.jpg\" alt=\"\" \/><\/a><\/figure>\r\n\r\n\r\n\r\n<div class=\"wp-block-spacer\" style=\"height: 40px;\" aria-hidden=\"true\">\u00a0<\/div>\r\n<\/div>\r\n\r\n\r\n\r\n<div class=\"wp-block-column is-vertically-aligned-center is-layout-flow wp-block-column-is-layout-flow\" style=\"flex-basis: 50%;\">\r\n<figure class=\"wp-block-image\"><a href=\"#\"><img decoding=\"async\" src=\"https:\/\/www.katsankimya.com.tr\/wp-content\/themes\/neve\/assets\/img\/starter-content\/card-01.jpg\" alt=\"\" \/><\/a><\/figure>\r\n\r\n\r\n\r\n<div class=\"wp-block-spacer\" style=\"height: 40px;\" aria-hidden=\"true\">\u00a0<\/div>\r\n<\/div>\r\n<\/div>\r\n\r\n\r\n\r\n<div class=\"wp-block-spacer\" style=\"height: 40px;\" aria-hidden=\"true\">\u00a0<\/div>\r\n<\/div>\r\n<\/div>\r\n<\/div>\r\n<\/div>\r\n\r\n\r\n\r\n<div class=\"wp-block-cover alignfull has-nv-light-bg-background-color has-background-dim\" style=\"min-height: 420px;\">\r\n<div class=\"wp-block-cover__inner-container is-layout-flow wp-block-cover-is-layout-flow\">\r\n<div class=\"wp-block-spacer\" style=\"height: 80px;\" aria-hidden=\"true\">\u00a0<\/div>\r\n\r\n\r\n\r\n<div class=\"wp-block-columns is-layout-flex wp-container-32 wp-block-columns-is-layout-flex\">\r\n<div class=\"wp-block-column is-layout-flow wp-block-column-is-layout-flow\">\r\n<figure class=\"wp-block-image is-style-rounded\"><img decoding=\"async\" loading=\"lazy\" src=\"https:\/\/www.katsankimya.com.tr\/wp-content\/themes\/neve\/assets\/img\/starter-content\/team-03.jpg\" alt=\"\" width=\"80\" height=\"80\" \/><\/figure>\r\n\r\n\r\n\r\n<div class=\"wp-block-spacer\" style=\"height: 24px;\" aria-hidden=\"true\">\u00a0<\/div>\r\n\r\n\r\n\r\n<p class=\"has-text-align-left has-neve-text-color-color has-text-color has-normal-font-size\">\u201cWhat is the point of being alive if you don\u2019t at least try to do something remarkable?\u201d<\/p>\r\n\r\n\r\n\r\n<p class=\"has-neve-text-color-color has-text-color\">JANET MORRIS<\/p>\r\n\r\n\r\n\r\n<div class=\"wp-block-spacer\" style=\"height: 20px;\" aria-hidden=\"true\">\u00a0<\/div>\r\n<\/div>\r\n\r\n\r\n\r\n<div class=\"wp-block-column is-layout-flow wp-block-column-is-layout-flow\">\r\n<figure class=\"wp-block-image  is-style-rounded\"><img decoding=\"async\" loading=\"lazy\" src=\"https:\/\/www.katsankimya.com.tr\/wp-content\/themes\/neve\/assets\/img\/starter-content\/team-01.jpg\" alt=\"\" width=\"80\" height=\"80\" \/><\/figure>\r\n\r\n\r\n\r\n<div class=\"wp-block-spacer\" style=\"height: 24px;\" aria-hidden=\"true\">\u00a0<\/div>\r\n\r\n\r\n\r\n<p class=\"has-text-align-left has-neve-text-color-color has-text-color has-normal-font-size\">\u201cWhat is the point of being alive if you don\u2019t at least try to do something remarkable?\u201d<\/p>\r\n\r\n\r\n\r\n<p class=\"has-neve-text-color-color has-text-color\">WILLIE BROWN<\/p>\r\n\r\n\r\n\r\n<div class=\"wp-block-spacer\" style=\"height: 20px;\" aria-hidden=\"true\">\u00a0<\/div>\r\n<\/div>\r\n\r\n\r\n\r\n<div class=\"wp-block-column is-layout-flow wp-block-column-is-layout-flow\">\r\n<figure class=\"wp-block-image  is-style-rounded\"><img decoding=\"async\" loading=\"lazy\" src=\"https:\/\/www.katsankimya.com.tr\/wp-content\/themes\/neve\/assets\/img\/starter-content\/team-02.jpg\" alt=\"\" width=\"80\" height=\"80\" \/><\/figure>\r\n\r\n\r\n\r\n<div class=\"wp-block-spacer\" style=\"height: 24px;\" aria-hidden=\"true\">\u00a0<\/div>\r\n\r\n\r\n\r\n<p class=\"has-text-align-left has-neve-text-color-color has-text-color has-normal-font-size\">\u201cWhat is the point of being alive if you don\u2019t at least try to do something remarkable?\u201d<\/p>\r\n\r\n\r\n\r\n<p class=\"has-neve-text-color-color has-text-color\">SEAN FISHER<\/p>\r\n\r\n\r\n\r\n<div class=\"wp-block-spacer\" style=\"height: 20px;\" aria-hidden=\"true\">\u00a0<\/div>\r\n<\/div>\r\n<\/div>\r\n\r\n\r\n\r\n<div class=\"wp-block-spacer\" style=\"height: 30px;\" aria-hidden=\"true\">\u00a0<\/div>\r\n<\/div>\r\n<\/div>\r\n\r\n\r\n\r\n<div class=\"wp-block-cover alignfull has-nv-dark-bg-background-color has-background-dim\" style=\"min-height: 300px;\">\r\n<div class=\"wp-block-cover__inner-container is-layout-flow wp-block-cover-is-layout-flow\">\r\n<div class=\"wp-block-spacer\" style=\"height: 140px;\" aria-hidden=\"true\">\u00a0<\/div>\r\n\r\n\r\n\r\n<h2 class=\"has-text-align-center has-nv-text-dark-bg-color has-text-color wp-block-heading\">Let\u2019s work together on your <br \/>next web project<\/h2>\r\n\r\n\r\n\r\n<p class=\"has-text-align-center has-medium-font-size\">Lorem ipsum dolor sit amet, consectetur adipiscing elit. Ut elit tellus, luctus <br \/>nec ullamcorper mattis, pulvinar dapibus leo.<\/p>\r\n\r\n\r\n\r\n<div class=\"wp-block-buttons aligncenter is-content-justification-center is-layout-flex wp-container-34 wp-block-buttons-is-layout-flex\">\r\n<div class=\"wp-block-button is-style-primary\"><a class=\"wp-block-button__link\" href=\"#\">LEARN MORE<\/a><\/div>\r\n<\/div>\r\n\r\n\r\n\r\n<div class=\"wp-block-spacer\" style=\"height: 140px;\" aria-hidden=\"true\">\u00a0<\/div>\r\n<\/div>\r\n<\/div>\r\n","protected":false},"excerpt":{"rendered":"<p>Biz\u00a0Kimiz Katsan Kimya San. ve Tic. A.\u015e.Yap\u0131 kimyasallar\u0131 alan\u0131nda 1992 y\u0131l\u0131ndan bu yana \u00fcretim ve pazarlama faaliyetlerinde bulunan bir T\u00fcrk \u015firketidir. \u00dcretim alan\u0131na giren yap\u0131 kimyasallar\u0131 konusunda g\u00fcn\u00fcm\u00fcz\u00fcn en son teknolojik gereklerine uygun olarak kurulmu\u015f laboratuvarlar\u0131nda m\u00fc\u015fterilerinin de\u011fi\u015fken taleplerini kar\u015f\u0131lamak amac\u0131yla her g\u00fcn daha yo\u011fun olarak ara\u015ft\u0131rma ve geli\u015ftirme \u00e7al\u0131\u015fmalar\u0131n\u0131 s\u00fcrd\u00fcrmektedir. Ne\u00a0Yapar\u0131z Uluslararas\u0131 Standartlara uygunlu\u011fu [&hellip;]<\/p>\n","protected":false},"author":1,"featured_media":0,"parent":0,"menu_order":0,"comment_status":"closed","ping_status":"closed","template":"","meta":{"footnotes":""},"_links":{"self":[{"href":"https:\/\/www.katsankimya.com.tr\/en\/wp-json\/wp\/v2\/pages\/7"}],"collection":[{"href":"https:\/\/www.katsankimya.com.tr\/en\/wp-json\/wp\/v2\/pages"}],"about":[{"href":"https:\/\/www.katsankimya.com.tr\/en\/wp-json\/wp\/v2\/types\/page"}],"author":[{"embeddable":true,"href":"https:\/\/www.katsankimya.com.tr\/en\/wp-json\/wp\/v2\/users\/1"}],"replies":[{"embeddable":true,"href":"https:\/\/www.katsankimya.com.tr\/en\/wp-json\/wp\/v2\/comments?post=7"}],"version-history":[{"count":3,"href":"https:\/\/www.katsankimya.com.tr\/en\/wp-json\/wp\/v2\/pages\/7\/revisions"}],"predecessor-version":[{"id":3234,"href":"https:\/\/www.katsankimya.com.tr\/en\/wp-json\/wp\/v2\/pages\/7\/revisions\/3234"}],"wp:attachment":[{"href":"https:\/\/www.katsankimya.com.tr\/en\/wp-json\/wp\/v2\/media?parent=7"}],"curies":[{"name":"wp","href":"https:\/\/api.w.org\/{rel}","templated":true}]}}