{"id":3039,"date":"2020-01-04T15:32:11","date_gmt":"2020-01-04T12:32:11","guid":{"rendered":"https:\/\/www.katsankimya.com.tr\/tr\/?page_id=3039"},"modified":"2020-01-04T15:32:11","modified_gmt":"2020-01-04T12:32:11","slug":"cookie-policy","status":"publish","type":"page","link":"https:\/\/www.katsankimya.com.tr\/en\/cookie-policy\/","title":{"rendered":"KVKK &#038; \u00c7erez Politikam\u0131z"},"content":{"rendered":"<p>[vc_row][vc_column][vc_column_text]<\/p>\n<div class=\"cli_pg_page_contaner\">\n<h3>KVKK &#038; \u00c7erez Politikam\u0131z<\/h3>\n<div>\n<p style=\"text-align: center;\"><span style=\"font-size: 24px;\"><strong>KATSAN K\u0130MYA SAN VE T\u0130C. A.\u015e.<\/strong><\/span><br \/>\n<strong>K\u0130\u015e\u0130SEL VER\u0130LER\u0130N KORUNMASI VE \u0130\u015eLENMES\u0130 GER\u00c7EK K\u0130\u015e\u0130- TEDAR\u0130K\u00c7\u0130- \u0130\u015e ORTA\u011eI- GER\u00c7EK K\u0130\u015e\u0130 TEMS\u0130LC\u0130S\u0130-Z\u0130YARET\u00c7\u0130 AYDINLATMA METN\u0130<\/strong><\/p>\n<p><strong>Katsan Kimya San ve Tic. A.\u015e.<\/strong> olarak gerek web sitemizi kullan\u0131rken gerek ilgili ba\u015fvuru formlar\u0131n\u0131 doldurarak gerekse ba\u015fka yollarla taraf\u0131m\u0131za iletmi\u015f oldu\u011funuz ki\u015fisel bilgilerinizin, T.C. Anayasas\u0131, \u00fclkemizin taraf oldu\u011fu ilgili uluslararas\u0131 s\u00f6zle\u015fmeler ile 6698 say\u0131l\u0131 Ki\u015fisel Verilerin Korunmas\u0131 Kanunu (\u201cKVKK\u201d) ba\u015fta olmak \u00fczere ilgili mevzuat \u00e7er\u00e7evesinde g\u00fcvenli\u011finin sa\u011flanmas\u0131na son derece \u00f6nem vermekteyiz. An\u0131lan mevzuat ve bu mevzuatta belirtilen birtak\u0131m tan\u0131mlar hakk\u0131nda Veri Sorumlusu s\u0131fat\u0131yla sizleri ayd\u0131nlatmak istiyoruz.<\/p>\n<p>&nbsp;<\/p>\n<h4><em><strong>\u0130\u015flenen Ki\u015fisel Veriler<\/strong><\/em><\/h4>\n<p>Kimlik Verisi: Ad, soyad\u0131, T.C. Kimlik No, Ara\u00e7 plakas\u0131,<\/p>\n<p>\u0130leti\u015fim Verisi: E-posta adresi, adresi ve telefon numaras\u0131,<\/p>\n<p>Finansal Veri: Banka hesap bilgileri,<\/p>\n<p>\u00c7al\u0131\u015fma Verisi: SGK giri\u015f bildirgesi ve g\u00f6revlendirme belgeleri, i\u015fe ba\u015flama tarihi, unvan\u0131, imza sirk\u00fcleri,<\/p>\n<p>G\u00f6rsel ve \u0130\u015fitsel Veri: Kamera kay\u0131tlar\u0131,<\/p>\n<h4><strong>Ki\u015fisel Veri Toplaman\u0131n Y\u00f6ntemi ve Hukuki Sebebi<\/strong><\/h4>\n<p>Ki\u015fisel veriler tamamen otomatik (\u00e7erezler, sunucu g\u00fcnl\u00fck dosyalar\u0131 ve piksel etiketleri vb.) veya k\u0131smen otomatik (muhtelif formlar\u0131n doldurulmas\u0131, \u00f6zge\u00e7mi\u015f g\u00f6nderilmesi vb.) yollarla i\u015fleme amac\u0131 i\u00e7in gerekli olan s\u00fcre kadar saklanmak \u00fczere toplan\u0131r.<\/p>\n<p>Ki\u015fisel veriler \u00c7evrim i\u00e7i Ziyaret\u00e7inin a\u00e7\u0131k r\u0131zas\u0131na dayal\u0131 olarak i\u015flenmektedir. Bununla birlikte, ki\u015fisel veriler Kanun\u2019un 5. maddesinin 2. f\u0131kras\u0131nda yer alan<br \/>\n(i) Kanunlarda a\u00e7\u0131k\u00e7a \u00f6ng\u00f6r\u00fclmesi<br \/>\n(ii) Veri sorumlusunun hukuki y\u00fck\u00fcml\u00fcl\u00fc\u011f\u00fcn\u00fc yerine getirebilmesi i\u00e7in zorunlu olmas\u0131,<br \/>\n(iii) Bir hakk\u0131n tesisi, kullan\u0131lmas\u0131 veya korunmas\u0131 i\u00e7in veri i\u015flemenin zorunlu olmas\u0131,<br \/>\n(iv) Ki\u015fisel veri sahiplerinin temel hak ve \u00f6zg\u00fcrl\u00fcklerine zarar vermemek kayd\u0131yla veri sorumlusunun me\u015fru menfaatleri i\u00e7in veri i\u015flenmesinin zorunlu olmas\u0131, hukuki sebeplerinden birine dayal\u0131 olarak a\u00e7\u0131k r\u0131za aranmaks\u0131z\u0131n da i\u015flenebilmektedir.<\/p>\n<h4>Ki\u015fisel Verilerin \u0130\u015flenme Ama\u00e7lar\u0131<\/h4>\n<p>\u2022 Acil Durum Y\u00f6netimi S\u00fcre\u00e7lerinin Y\u00fcr\u00fct\u00fclmesi<br \/>\n\u2022 \u00c7al\u0131\u015fan Aday\u0131 \/ Stajyer \/ \u00d6\u011frenci Se\u00e7me ve Yerle\u015ftirme S\u00fcre\u00e7lerinin Y\u00fcr\u00fct\u00fclmesi<br \/>\n\u2022 \u00c7al\u0131\u015fan Adaylar\u0131n\u0131n Ba\u015fvuru S\u00fcre\u00e7lerinin Y\u00fcr\u00fct\u00fclmesi<br \/>\n\u2022 \u00c7al\u0131\u015fanlar \u0130\u00e7in \u0130\u015f Akdi ve Mevzuattan Kaynakl\u0131 Y\u00fck\u00fcml\u00fcl\u00fcklerin Yerine Getirilmesi<br \/>\n\u2022 Finans ve Muhasebe \u0130\u015flerinin Y\u00fcr\u00fct\u00fclmesi<br \/>\n\u2022 Hukuk \u0130\u015flerinin Takibi ve Y\u00fcr\u00fct\u00fclmesi<br \/>\n2<br \/>\n\u2022 \u0130leti\u015fim Faaliyetlerinin Y\u00fcr\u00fct\u00fclmesi<br \/>\n\u2022 \u0130nsan Kaynaklar\u0131 S\u00fcre\u00e7lerinin Planlanmas\u0131<br \/>\n\u2022 \u0130\u015f Faaliyetlerinin Y\u00fcr\u00fct\u00fclmesi \/ Denetimi<br \/>\n\u2022 \u0130\u015f Sa\u011fl\u0131\u011f\u0131 \/ G\u00fcvenli\u011fi Faaliyetlerinin Y\u00fcr\u00fct\u00fclmesi<br \/>\n\u2022 Mal \/ Hizmet Sat\u0131n Al\u0131m S\u00fcre\u00e7lerinin Y\u00fcr\u00fct\u00fclmesi<br \/>\n\u2022 Mal \/ Hizmet Sat\u0131\u015f Sonras\u0131 Destek Hizmetlerinin Y\u00fcr\u00fct\u00fclmesi<br \/>\n\u2022 Mal \/ Hizmet Sat\u0131\u015f S\u00fcre\u00e7lerinin Y\u00fcr\u00fct\u00fclmesi<br \/>\n\u2022 Mal \/ Hizmet \u00dcretim ve Operasyon S\u00fcre\u00e7lerinin Y\u00fcr\u00fct\u00fclmesi<br \/>\n\u2022 M\u00fc\u015fteri \u0130li\u015fkileri Y\u00f6netimi S\u00fcre\u00e7lerinin Y\u00fcr\u00fct\u00fclmesi<br \/>\n\u2022 S\u00f6zle\u015fme S\u00fcre\u00e7lerinin Y\u00fcr\u00fct\u00fclmesi<br \/>\n\u2022 Talep \/ \u015eikayetlerin Takibi<br \/>\n\u2022 Tedarik Zinciri Y\u00f6netimi S\u00fcre\u00e7lerinin Y\u00fcr\u00fct\u00fclmesi<br \/>\n\u2022 Yetkili Ki\u015fi, Kurum ve Kurulu\u015flara Bilgi Verilmesi<br \/>\n\u2022 Y\u00f6netim Faaliyetlerinin Y\u00fcr\u00fct\u00fclmesi<\/p>\n<h4>\u0130\u015flenen Ki\u015fisel Verilerin Kimlere ve Hangi Ama\u00e7la Aktar\u0131labilece\u011fi<\/h4>\n<p>Ki\u015fisel veriler, Kanun\u2019un 5. maddesinin 2. f\u0131kras\u0131nda yer alan \u015fartlardan birinin bulunmas\u0131 halinde i\u015fbu metnin d\u00f6rd\u00fcnc\u00fc maddesinde belirtilen ama\u00e7larla s\u0131n\u0131rl\u0131 olarak Katsan\u2019\u0131n, ba\u011fl\u0131 ortakl\u0131klar\u0131na, i\u015f ortaklar\u0131na ve yetkili kamu kurum ve kurulu\u015flar\u0131na Kanun\u2019un 8. ve 9. maddelerinde belirtilen \u015fartlar \u00e7er\u00e7evesinde gerekli g\u00fcvenlik \u00f6nlemleri al\u0131nmak kayd\u0131yla aktar\u0131labilir.<br \/>\nKanun\u2019un 5. maddesinin 2. f\u0131kras\u0131nda yer alan \u015fartlardan birinin bulunmamas\u0131 halinde Ki\u015fisel Verilerin aktar\u0131m\u0131 ilgili ki\u015finin a\u00e7\u0131k r\u0131zas\u0131na tabidir.<\/p>\n<h4>Kanun\u2019un 11. Maddesi Uyar\u0131nca \u0130lgili Ki\u015finin Haklar\u0131<\/h4>\n<p>Katsan, Kanun\u2019un 10. maddesi uyar\u0131nca ilgili ki\u015fiye (ki\u015fisel veri sahibi) haklar\u0131n\u0131 bildirmekte; s\u00f6z konusu haklar\u0131n nas\u0131l kullan\u0131laca\u011f\u0131na dair yol g\u00f6stermekte ve t\u00fcm bunlar i\u00e7in gerekli i\u00e7 i\u015fleyi\u015fi, idari ve teknik d\u00fczenlemeleri ger\u00e7ekle\u015ftirmektedir.<\/p>\n<p>Kanun\u2019un 11. maddesi uyar\u0131nca ki\u015fisel veri sahipleri;<br \/>\nKi\u015fisel verilerinin i\u015flenip i\u015flenmedi\u011fini \u00f6\u011frenme,<br \/>\nKi\u015fisel verileri i\u015flenmi\u015fse buna ili\u015fkin bilgi talep etme,<br \/>\nKi\u015fisel verilerinin i\u015flenme amac\u0131n\u0131 ve bunlar\u0131n amac\u0131na uygun kullan\u0131l\u0131p kullan\u0131lmad\u0131\u011f\u0131n\u0131 \u00f6\u011frenme,<br \/>\nYurt i\u00e7inde veya yurt d\u0131\u015f\u0131nda ki\u015fisel verilerinin aktar\u0131ld\u0131\u011f\u0131 \u00fc\u00e7\u00fcnc\u00fc ki\u015fileri bilme,<br \/>\nKi\u015fisel verilerinin eksik veya yanl\u0131\u015f i\u015flenmi\u015f olmas\u0131 halinde bunlar\u0131n d\u00fczeltilmesini isteme<br \/>\nKanun\u2019un 7.maddesinde \u00f6ng\u00f6r\u00fclen \u015fartlar \u00e7er\u00e7evesinde ki\u015fisel verilerinin silinmesini veya yok edilmesini isteme,<br \/>\nKanun\u2019un 11. maddesinin (d) ve (e) bentleri uyar\u0131nca yap\u0131lan i\u015flemlerin (verilerin d\u00fczeltilmesi ve imha edilmesi i\u015flemlerinin) ki\u015fisel verilerinin aktar\u0131ld\u0131\u011f\u0131 \u00fc\u00e7\u00fcnc\u00fc ki\u015filere bildirilmesini isteme,<br \/>\n\u0130\u015flenen verilerinin m\u00fcnhas\u0131ran otomatik sistemler vas\u0131tas\u0131yla analiz edilmesi suretiyle aleyhine bir sonucun ortaya \u00e7\u0131kmas\u0131na itiraz etme,<br \/>\nKi\u015fisel verilerinin kanuna ayk\u0131r\u0131 olarak i\u015flenmesi sebebiyle zarara u\u011framas\u0131 halinde zarar\u0131n giderilmesini talep etme, haklar\u0131na sahiptir.<br \/>\n3<br \/>\nKVK Kanunu\u2019nun 13. maddesinin 1. f\u0131kras\u0131 gere\u011fince, yukar\u0131da belirtilen haklar\u0131n\u0131z\u0131 kullanmakla ilgili talebinizi Ki\u015fisel Verileri Koruma Kurulu\u2019nun belirledi\u011fi\/belirleyece\u011fi y\u00f6ntem (ler)le \u015eirketimize iletebilirsiniz.<br \/>\nKanun\u2019un 11. maddesinde belirtilen haklardan kullanmay\u0131 talep etti\u011finiz hakk\u0131n\u0131za y\u00f6nelik a\u00e7\u0131klamalar\u0131n\u0131z\u0131 i\u00e7eren talebinizi, kimli\u011finizi tespit edici belgeler ile birlikte, <em><strong>www.katsankimya.com.tr<\/strong><\/em> adresindeki 6698 Say\u0131l\u0131 Ki\u015fisel Verilerin Korunmas\u0131 Kanunu Kapsam\u0131nda Ki\u015fisel Veri Sahibi Ba\u015fvuru Formu\u2019 nu eksiksiz olarak doldurarak;<\/p>\n<p>Alternatif olarak dilerseniz,<\/p>\n<p>Ba\u015fvurunuzu yaz\u0131l\u0131 olarak ve Islak imzal\u0131 bir n\u00fcshas\u0131n\u0131 \u201cBirlik OSB Mah. Bat\u0131 Cad. NO:2 Tuzla- \u0130STANBUL\u201d adresine \u015fahsen elden teslim edebilir,<br \/>\nNoter vas\u0131tas\u0131yla veya iadeli taahh\u00fctl\u00fc posta yoluyla yukar\u0131daki adresimize g\u00f6nderebilir,<br \/>\nBa\u015fvurunuzu kimli\u011finizi tespit edici belgeler ile birlikte info@katsankimya.com.tr adresine veya g\u00fcvenli elektronik posta ile katsankimya@hs01.kep.tr adresine mail g\u00f6nderebilirsiniz.<\/p>\n<p>Talep ve ba\u015fvurularda; Ad, soyad ve ba\u015fvuru yaz\u0131l\u0131 ise imza, T\u00fcrkiye Cumhuriyeti vatanda\u015flar\u0131 i\u00e7in T.C. kimlik numaras\u0131, yabanc\u0131lar i\u00e7in uyru\u011fu, pasaport numaras\u0131 veya varsa kimlik numaras\u0131, Tebligata esas yerle\u015fim yeri veya i\u015f yeri adresi, Varsa bildirime esas elektronik posta adresi, telefon ve faks numaras\u0131,<\/p>\n<p>Talep konusu, bulunmas\u0131 zorunludur. Konuya ili\u015fkin bilgi ve belgelerin ba\u015fvuruya eklenmesi gerekmektedir.<br \/>\nKatsan Kimya ba\u015fvuruda yer alan talepleri, talebin niteli\u011fine g\u00f6re en k\u0131sa s\u00fcrede ve en ge\u00e7 otuz g\u00fcn i\u00e7inde \u00fccretsiz olarak sonu\u00e7land\u0131r\u0131r. Ancak s\u00f6z konusu i\u015flemin ayr\u0131ca bir maliyeti gerektirmesi h\u00e2linde, Kurulca belirlenen tarifedeki \u00fccret al\u0131nabilir.<\/p>\n<p>Katsan Kimya talebi kabul edebilece\u011fi gibi gerek\u00e7esini a\u00e7\u0131klayarak reddedebilir ve yan\u0131t\u0131n\u0131 ilgili ki\u015fiye yaz\u0131l\u0131 olarak veya elektronik ortamda bildirir. Ba\u015fvuruda yer alan talebin kabul edilmesi h\u00e2linde Katsan Kimya gere\u011fini en k\u0131sa s\u00fcrede yerine getirir ve ilgili ki\u015fiyi bilgilendirir. Ba\u015fvurunun Katsan Kimya \u2019n\u0131n hatas\u0131ndan kaynaklanmas\u0131 h\u00e2linde al\u0131nan \u00fccret ilgili ki\u015fiye iade edilir.<\/p>\n<p>Ba\u015fvurunun reddedilmesi, verilen yan\u0131t\u0131n yetersiz bulunmas\u0131 veya s\u00fcresinde ba\u015fvuruya yan\u0131t verilmemesi hallerinde; ilgili ki\u015fi, yan\u0131t\u0131 \u00f6\u011frendi\u011fi tarihten itibaren otuz ve herh\u00e2lde ba\u015fvuru tarihinden itibaren altm\u0131\u015f g\u00fcn i\u00e7inde Kurula \u015fikayette bulunma hakk\u0131na sahiptir.<\/p>\n<p>4<\/p>\n<h4>Verilerin G\u00fcvenli\u011fi<\/h4>\n<p>Katsan Kimya ki\u015fisel verilerin hukuka ayk\u0131r\u0131 olarak i\u015flenmesini ve ki\u015fisel verilere hukuka ayk\u0131r\u0131 olarak eri\u015filmesini \u00f6nlemek, ki\u015fisel verilerin muhafazas\u0131n\u0131 sa\u011flamak, uygun g\u00fcvenlik d\u00fczeyini temin etmeye y\u00f6nelik gerekli her t\u00fcrl\u00fc idari ve teknik tedbirleri almak durumundad\u0131r.<\/p>\n<p><strong>De\u011fi\u015fiklikler<\/strong><br \/>\nKatsan Kimya San ve Tic. A.\u015e. Ki\u015fisel Verilerin Korunmas\u0131 Kanunu\u2019nda olabilecek de\u011fi\u015fiklikler ve Ki\u015fisel Verileri Koruma Kurulu taraf\u0131ndan belirlenecek y\u00f6ntemler nedeni ile bu ayd\u0131nlatma bildiriminde de\u011fi\u015fiklik yapma hakk\u0131 sakl\u0131d\u0131r.<\/p>\n<hr \/>\n<p><strong>\u0130LET\u0130\u015e\u0130M B\u0130LG\u0130LER\u0130:<\/strong><br \/>\nKatsan Kimya San ve Tic. A.\u015e.<br \/>\nMersis No: 0528063682400001<br \/>\nWEB Sayfas\u0131: www.katsankimya.com.tr<br \/>\nE-Mail: info@katsankimya.com.tr<br \/>\nAdres: Birlik OSB Mah. Bat\u0131 Cad. NO:2 Tuzla- \u0130STANBUL<\/p>\n<\/div>\n<p>[webtoffee_powered_by]<\/p>\n<\/div>\n<p>[\/vc_column_text][\/vc_column][\/vc_row]<\/p>\n","protected":false},"excerpt":{"rendered":"<p>[vc_row][vc_column][vc_column_text] KVKK &#038; \u00c7erez Politikam\u0131z KATSAN K\u0130MYA SAN VE T\u0130C. A.\u015e. K\u0130\u015e\u0130SEL VER\u0130LER\u0130N KORUNMASI VE \u0130\u015eLENMES\u0130 GER\u00c7EK K\u0130\u015e\u0130- TEDAR\u0130K\u00c7\u0130- \u0130\u015e ORTA\u011eI- GER\u00c7EK K\u0130\u015e\u0130 TEMS\u0130LC\u0130S\u0130-Z\u0130YARET\u00c7\u0130 AYDINLATMA METN\u0130 Katsan Kimya San ve Tic. A.\u015e. olarak gerek web sitemizi kullan\u0131rken gerek ilgili ba\u015fvuru formlar\u0131n\u0131 doldurarak gerekse ba\u015fka yollarla taraf\u0131m\u0131za iletmi\u015f oldu\u011funuz ki\u015fisel bilgilerinizin, T.C. Anayasas\u0131, \u00fclkemizin taraf oldu\u011fu [&hellip;]<\/p>\n","protected":false},"author":1,"featured_media":0,"parent":0,"menu_order":0,"comment_status":"closed","ping_status":"closed","template":"","meta":{"footnotes":""},"_links":{"self":[{"href":"https:\/\/www.katsankimya.com.tr\/en\/wp-json\/wp\/v2\/pages\/3039"}],"collection":[{"href":"https:\/\/www.katsankimya.com.tr\/en\/wp-json\/wp\/v2\/pages"}],"about":[{"href":"https:\/\/www.katsankimya.com.tr\/en\/wp-json\/wp\/v2\/types\/page"}],"author":[{"embeddable":true,"href":"https:\/\/www.katsankimya.com.tr\/en\/wp-json\/wp\/v2\/users\/1"}],"replies":[{"embeddable":true,"href":"https:\/\/www.katsankimya.com.tr\/en\/wp-json\/wp\/v2\/comments?post=3039"}],"version-history":[{"count":0,"href":"https:\/\/www.katsankimya.com.tr\/en\/wp-json\/wp\/v2\/pages\/3039\/revisions"}],"wp:attachment":[{"href":"https:\/\/www.katsankimya.com.tr\/en\/wp-json\/wp\/v2\/media?parent=3039"}],"curies":[{"name":"wp","href":"https:\/\/api.w.org\/{rel}","templated":true}]}}