{"id":2458,"date":"2015-11-30T01:54:10","date_gmt":"2015-11-29T23:54:10","guid":{"rendered":"https:\/\/www.katsankimya.com.tr\/?page_id=2458"},"modified":"2015-11-30T01:54:10","modified_gmt":"2015-11-29T23:54:10","slug":"harita","status":"publish","type":"page","link":"https:\/\/www.katsankimya.com.tr\/en\/harita\/","title":{"rendered":"Harita"},"content":{"rendered":"<p>[gmap address=&#8221;Merkez Mahallesi, P\u0131nar Sokak, \u00c7ekmek\u00f6y, \u0130stanbul, T\u00fcrkiye&#8221; maptype=&#8221;ROADMAP&#8221; height=&#8221;450&#8243; image=&#8221;https:\/\/sanatgah.com\/wp-content\/uploads\/2012\/06\/map-point1-2.png&#8221; html=&#8221;Merkez Ofis&#8221; latitude=&#8221;0&#8243; longitude=&#8221;0&#8243; zoom=&#8221;11&#8243; controls=&#8221;true&#8221; marker=&#8221;true&#8221; popup=&#8221;true&#8221;]<\/p>\n","protected":false},"excerpt":{"rendered":"<p>[gmap address=&#8221;Merkez Mahallesi, P\u0131nar Sokak, \u00c7ekmek\u00f6y, \u0130stanbul, T\u00fcrkiye&#8221; maptype=&#8221;ROADMAP&#8221; height=&#8221;450&#8243; image=&#8221;https:\/\/sanatgah.com\/wp-content\/uploads\/2012\/06\/map-point1-2.png&#8221; html=&#8221;Merkez Ofis&#8221; latitude=&#8221;0&#8243; longitude=&#8221;0&#8243; zoom=&#8221;11&#8243; controls=&#8221;true&#8221; marker=&#8221;true&#8221; popup=&#8221;true&#8221;]<\/p>\n","protected":false},"author":1,"featured_media":0,"parent":0,"menu_order":0,"comment_status":"closed","ping_status":"closed","template":"","meta":{"footnotes":""},"_links":{"self":[{"href":"https:\/\/www.katsankimya.com.tr\/en\/wp-json\/wp\/v2\/pages\/2458"}],"collection":[{"href":"https:\/\/www.katsankimya.com.tr\/en\/wp-json\/wp\/v2\/pages"}],"about":[{"href":"https:\/\/www.katsankimya.com.tr\/en\/wp-json\/wp\/v2\/types\/page"}],"author":[{"embeddable":true,"href":"https:\/\/www.katsankimya.com.tr\/en\/wp-json\/wp\/v2\/users\/1"}],"replies":[{"embeddable":true,"href":"https:\/\/www.katsankimya.com.tr\/en\/wp-json\/wp\/v2\/comments?post=2458"}],"version-history":[{"count":0,"href":"https:\/\/www.katsankimya.com.tr\/en\/wp-json\/wp\/v2\/pages\/2458\/revisions"}],"wp:attachment":[{"href":"https:\/\/www.katsankimya.com.tr\/en\/wp-json\/wp\/v2\/media?parent=2458"}],"curies":[{"name":"wp","href":"https:\/\/api.w.org\/{rel}","templated":true}]}}