{"id":1344,"date":"2014-02-11T23:22:29","date_gmt":"2014-02-11T21:22:29","guid":{"rendered":"https:\/\/www.katsankimya.com.tr.tr\/?page_id=1344"},"modified":"2014-02-11T23:22:29","modified_gmt":"2014-02-11T21:22:29","slug":"iki-bilesenli-isicam-silikonu","status":"publish","type":"page","link":"https:\/\/www.katsankimya.com.tr\/en\/giydirme-cephe-silikonlari-katplast\/iki-bilesenli-isicam-silikonu\/","title":{"rendered":"\u0130K\u0130 B\u0130LE\u015eENL\u0130 ISICAM S\u0130L\u0130KONU"},"content":{"rendered":"<p><!--:tr--><\/p>\n<h1><span style=\"color: #ff0000;\">Katplast 227<\/span><\/h1>\n<table border=\"0\" width=\"100%\">\n<tbody>\n<tr>\n<td><strong>(\u0130ki bile\u015fenli \u0131s\u0131cam silikonu)<\/strong><\/td>\n<\/tr>\n<tr>\n<td><strong><br \/>\n<a href=\"https:\/\/katsankimya.com\/teknik-bilgi-talebi\/\"><img decoding=\"async\" loading=\"lazy\" title=\"ge-3\" src=\"https:\/\/katsankimya.com\/br_icerik\/uploads\/2011\/03\/ge-3-300x225.jpg\" alt=\"\" width=\"180\" height=\"135\" \/><\/a><\/strong><\/td>\n<\/tr>\n<tr>\n<td><a title=\"Teknik Bilgi Talebi\" href=\"https:\/\/katsankimya.com\/teknik-bilgi-talebi\/\">Teknik Bilgi Talebi \u0130\u00e7in T\u0131klay\u0131n\u0131z&#8230;<\/a><\/td>\n<\/tr>\n<\/tbody>\n<\/table>\n<p><!--:--><!--:en--><\/p>\n<h1><span style=\"color: #ff0000;\">IGS 3723<\/span><br \/>\n<strong><br \/>\n<\/strong><\/p>\n<\/p>\n<p><!--:--><!--:ru--><\/p>\n<h1><span style=\"color: #ff0000;\">IGS 3723<\/span>\n<\/p>\n<\/p>\n<p><!--:--><\/p>\n","protected":false},"excerpt":{"rendered":"<p>Katplast 227 (\u0130ki bile\u015fenli \u0131s\u0131cam silikonu) Teknik Bilgi Talebi \u0130\u00e7in T\u0131klay\u0131n\u0131z&#8230; IGS 3723 IGS 3723<\/p>\n","protected":false},"author":1,"featured_media":0,"parent":1338,"menu_order":0,"comment_status":"closed","ping_status":"closed","template":"","meta":{"footnotes":""},"_links":{"self":[{"href":"https:\/\/www.katsankimya.com.tr\/en\/wp-json\/wp\/v2\/pages\/1344"}],"collection":[{"href":"https:\/\/www.katsankimya.com.tr\/en\/wp-json\/wp\/v2\/pages"}],"about":[{"href":"https:\/\/www.katsankimya.com.tr\/en\/wp-json\/wp\/v2\/types\/page"}],"author":[{"embeddable":true,"href":"https:\/\/www.katsankimya.com.tr\/en\/wp-json\/wp\/v2\/users\/1"}],"replies":[{"embeddable":true,"href":"https:\/\/www.katsankimya.com.tr\/en\/wp-json\/wp\/v2\/comments?post=1344"}],"version-history":[{"count":0,"href":"https:\/\/www.katsankimya.com.tr\/en\/wp-json\/wp\/v2\/pages\/1344\/revisions"}],"up":[{"embeddable":true,"href":"https:\/\/www.katsankimya.com.tr\/en\/wp-json\/wp\/v2\/pages\/1338"}],"wp:attachment":[{"href":"https:\/\/www.katsankimya.com.tr\/en\/wp-json\/wp\/v2\/media?parent=1344"}],"curies":[{"name":"wp","href":"https:\/\/api.w.org\/{rel}","templated":true}]}}