{"id":1283,"date":"2014-02-11T22:38:03","date_gmt":"2014-02-11T20:38:03","guid":{"rendered":"https:\/\/www.katsankimya.com.tr.tr\/?page_id=1283"},"modified":"2014-02-11T22:38:03","modified_gmt":"2014-02-11T20:38:03","slug":"superakiskanlastiricilar","status":"publish","type":"page","link":"https:\/\/www.katsankimya.com.tr\/en\/beton-kimyasallari-beton\/superakiskanlastiricilar\/","title":{"rendered":"S\u00fcperak\u0131\u015fkanla\u015ft\u0131r\u0131c\u0131lar"},"content":{"rendered":"<p><!--:tr--><\/p>\n<table style=\"border-collapse: collapse;\" width=\"100%\" border=\"0\">\n<tbody>\n<tr>\n<td><span style=\"font-family: 'Arial Black'; font-size: medium;\"><strong><span style=\"color: #ff0000;\">KATPLAST<\/span> 950<\/strong><\/span><\/td>\n<\/tr>\n<tr>\n<td><a title=\"Teknik Bilgi Talebi\" href=\"https:\/\/katsankimya.com\/teknik-bilgi-talebi\/\">(Prefabrik Sekt\u00f6r\u00fcnde Kullan\u0131lan Erken Mukavemet Art\u0131c\u0131c\u0131 S\u00fcperak\u0131\u015fkanla\u015ft\u0131r\u0131c\u0131 Katk\u0131 Maddesi)<\/a><\/td>\n<\/tr>\n<tr>\n<td height=\"20\"><\/td>\n<\/tr>\n<tr>\n<td><span style=\"font-family: 'Arial Black'; font-size: medium;\"><strong><span style=\"color: #ff0000;\">KATPLAST <\/span>940<\/strong><\/span><\/td>\n<\/tr>\n<tr>\n<td><strong> <a title=\"Teknik Bilgi Talebi\" href=\"https:\/\/katsankimya.com\/teknik-bilgi-talebi\/\">(Erken Ve Son Mukavemet Art\u0131r\u0131c\u0131 S\u00fcperak\u0131\u015fkanla\u015ft\u0131r\u0131c\u0131 Katk\u0131 Maddesi)<\/a> <\/strong><\/td>\n<\/tr>\n<tr>\n<td height=\"20\"><\/td>\n<\/tr>\n<tr>\n<td><span style=\"font-family: 'Arial Black'; font-size: medium;\"><strong><span style=\"color: #ff0000;\">KATPLAST <\/span>930<\/strong><\/span><\/td>\n<\/tr>\n<tr>\n<td><a title=\"Teknik Bilgi Talebi\" href=\"https:\/\/katsankimya.com\/teknik-bilgi-talebi\/\">(Y\u00fcksek Mukavemet Art\u0131r\u0131c\u0131 S\u00fcperak\u0131\u015fkanla\u015ft\u0131r\u0131c\u0131 Katk\u0131 Maddesi)<\/a><\/td>\n<\/tr>\n<tr>\n<td height=\"20\"><\/td>\n<\/tr>\n<tr>\n<td><span style=\"font-family: 'Arial Black'; font-size: medium;\"><strong><span style=\"color: #ff0000;\">KATPLAST <\/span>900<\/strong><\/span><\/td>\n<\/tr>\n<tr>\n<td><a title=\"Teknik Bilgi Talebi\" href=\"https:\/\/katsankimya.com\/teknik-bilgi-talebi\/\">(Mukavemet Art\u0131r\u0131c\u0131 S\u00fcperak\u0131\u015fkanla\u015ft\u0131r\u0131c\u0131katk\u0131 Maddesi)<\/a><\/td>\n<\/tr>\n<\/tbody>\n<\/table>\n<p><!--:--><!--:en--><\/p>\n<table style=\"border-collapse: collapse;\" width=\"100%\" border=\"0\">\n<tbody>\n<tr>\n<td><a title=\"Technical Information Request\" href=\"https:\/\/katsankimya.com\/teknik-bilgi-talebi\/\">\u00a0<\/a><\/td>\n<\/tr>\n<\/tbody>\n<\/table>\n<p><!--:--><\/p>\n","protected":false},"excerpt":{"rendered":"<p>KATPLAST 950 (Prefabrik Sekt\u00f6r\u00fcnde Kullan\u0131lan Erken Mukavemet Art\u0131c\u0131c\u0131 S\u00fcperak\u0131\u015fkanla\u015ft\u0131r\u0131c\u0131 Katk\u0131 Maddesi) KATPLAST 940 (Erken Ve Son Mukavemet Art\u0131r\u0131c\u0131 S\u00fcperak\u0131\u015fkanla\u015ft\u0131r\u0131c\u0131 Katk\u0131 Maddesi) KATPLAST 930 (Y\u00fcksek Mukavemet Art\u0131r\u0131c\u0131 S\u00fcperak\u0131\u015fkanla\u015ft\u0131r\u0131c\u0131 Katk\u0131 Maddesi) KATPLAST 900 (Mukavemet Art\u0131r\u0131c\u0131 S\u00fcperak\u0131\u015fkanla\u015ft\u0131r\u0131c\u0131katk\u0131 Maddesi) \u00a0<\/p>\n","protected":false},"author":1,"featured_media":0,"parent":1276,"menu_order":0,"comment_status":"closed","ping_status":"closed","template":"","meta":{"footnotes":""},"_links":{"self":[{"href":"https:\/\/www.katsankimya.com.tr\/en\/wp-json\/wp\/v2\/pages\/1283"}],"collection":[{"href":"https:\/\/www.katsankimya.com.tr\/en\/wp-json\/wp\/v2\/pages"}],"about":[{"href":"https:\/\/www.katsankimya.com.tr\/en\/wp-json\/wp\/v2\/types\/page"}],"author":[{"embeddable":true,"href":"https:\/\/www.katsankimya.com.tr\/en\/wp-json\/wp\/v2\/users\/1"}],"replies":[{"embeddable":true,"href":"https:\/\/www.katsankimya.com.tr\/en\/wp-json\/wp\/v2\/comments?post=1283"}],"version-history":[{"count":0,"href":"https:\/\/www.katsankimya.com.tr\/en\/wp-json\/wp\/v2\/pages\/1283\/revisions"}],"up":[{"embeddable":true,"href":"https:\/\/www.katsankimya.com.tr\/en\/wp-json\/wp\/v2\/pages\/1276"}],"wp:attachment":[{"href":"https:\/\/www.katsankimya.com.tr\/en\/wp-json\/wp\/v2\/media?parent=1283"}],"curies":[{"name":"wp","href":"https:\/\/api.w.org\/{rel}","templated":true}]}}